{"id":766,"date":"2024-09-11T10:06:47","date_gmt":"2024-09-11T08:06:47","guid":{"rendered":"https:\/\/skisharpedge.projet.click\/?page_id=766"},"modified":"2025-07-22T09:17:58","modified_gmt":"2025-07-22T07:17:58","slug":"mentions-legales","status":"publish","type":"page","link":"https:\/\/www.skisharpedge.com\/fr\/mentions-legales\/","title":{"rendered":"Mentions l\u00e9gales"},"content":{"rendered":"\t\t<div data-elementor-type=\"wp-page\" data-elementor-id=\"766\" class=\"elementor elementor-766\" data-elementor-post-type=\"page\">\n\t\t\t\t<div class=\"elementor-element elementor-element-5f2308f e-flex e-con-boxed e-con e-parent\" data-id=\"5f2308f\" data-element_type=\"container\" data-e-type=\"container\">\n\t\t\t\t\t<div class=\"e-con-inner\">\n\t\t\t\t<div class=\"elementor-element elementor-element-5b7f6f6 elementor-widget elementor-widget-heading\" data-id=\"5b7f6f6\" data-element_type=\"widget\" data-e-type=\"widget\" data-widget_type=\"heading.default\">\n\t\t\t\t\t<h1 class=\"elementor-heading-title elementor-size-default\">Mentions l\u00e9gales<\/h1>\t\t\t\t<\/div>\n\t\t<div class=\"elementor-element elementor-element-76a5bf4 e-con-full e-flex e-con e-child\" data-id=\"76a5bf4\" data-element_type=\"container\" data-e-type=\"container\">\n\t\t\t\t<div class=\"elementor-element elementor-element-5955a3f elementor-widget elementor-widget-text-editor\" data-id=\"5955a3f\" data-element_type=\"widget\" data-e-type=\"widget\" data-widget_type=\"text-editor.default\">\n\t\t\t\t\t\t\t\t\t<p><span style=\"text-decoration: underline;\">Nom de l&rsquo;entreprise :<\/span> <span class=\"kx-display-field\">Les \u00e9quipements Ski Sharp Edge Inc.<\/span><br \/><span style=\"text-decoration: underline;\">Si\u00e8ge social :<\/span> 201 Rue Gince, Saint-Laurent, QC H4N 1R4, Canada<br \/><span style=\"text-decoration: underline;\">Num\u00e9ro d&rsquo;enregistrement :<\/span> 1174198144<br \/><span style=\"text-decoration: underline;\">Directeur de la publication :<\/span> Jodoin R\u00e9mi<br \/><span style=\"text-decoration: underline;\">Contact :<\/span> rj@skisharpedge.com<br \/><span style=\"text-decoration: underline;\">H\u00e9bergeur :<\/span> <a href=\"https:\/\/www.hostinger.fr\/\" target=\"_blank\" rel=\"noopener\">Hostinger<\/a>, dont le si\u00e8ge social est situ\u00e9 \u00e0 61 Lordou Vironos Street, 6023 Larnaca (Chypre), et joignable par les moyens de communication mentionn\u00e9s ici :\u00a0<a href=\"https:\/\/www.hostinger.fr\/contact\" target=\"_blank\" rel=\"noopener\">www.hostinger.fr\/contact<\/a>.<\/p>\t\t\t\t\t\t\t\t<\/div>\n\t\t\t\t<\/div>\n\t\t<div class=\"elementor-element elementor-element-80745bc e-con-full e-flex e-con e-child\" data-id=\"80745bc\" data-element_type=\"container\" data-e-type=\"container\">\n\t\t\t\t<div class=\"elementor-element elementor-element-2a27dab elementor-widget-tablet_extra__width-inherit elementor-widget elementor-widget-heading\" data-id=\"2a27dab\" data-element_type=\"widget\" data-e-type=\"widget\" data-widget_type=\"heading.default\">\n\t\t\t\t\t<h2 class=\"elementor-heading-title elementor-size-default\">Propri\u00e9t\u00e9 du site<\/h2>\t\t\t\t<\/div>\n\t\t\t\t<div class=\"elementor-element elementor-element-90332e5 elementor-widget elementor-widget-text-editor\" data-id=\"90332e5\" data-element_type=\"widget\" data-e-type=\"widget\" data-widget_type=\"text-editor.default\">\n\t\t\t\t\t\t\t\t\t<p>Le pr\u00e9sent site web est la propri\u00e9t\u00e9 de <span class=\"kx-display-field\">Les \u00e9quipements Ski Sharp Edge Inc.<\/span>, soci\u00e9t\u00e9 enregistr\u00e9e sous le num\u00e9ro <span class=\"kx-display-field\">1174198144<\/span>, dont le si\u00e8ge social est situ\u00e9 \u00e0 7875 Route Transcanadienne, Saint-Laurent, QC H4R2T1, Canada.<\/p>\t\t\t\t\t\t\t\t<\/div>\n\t\t\t\t<\/div>\n\t\t<div class=\"elementor-element elementor-element-04490d4 e-con-full e-flex e-con e-child\" data-id=\"04490d4\" data-element_type=\"container\" data-e-type=\"container\">\n\t\t\t\t<div class=\"elementor-element elementor-element-4a4130a elementor-widget-tablet_extra__width-inherit elementor-widget elementor-widget-heading\" data-id=\"4a4130a\" data-element_type=\"widget\" data-e-type=\"widget\" data-widget_type=\"heading.default\">\n\t\t\t\t\t<h2 class=\"elementor-heading-title elementor-size-default\">Responsabilit\u00e9 \u00e9ditoriale<\/h2>\t\t\t\t<\/div>\n\t\t\t\t<div class=\"elementor-element elementor-element-ea5eacc elementor-widget elementor-widget-text-editor\" data-id=\"ea5eacc\" data-element_type=\"widget\" data-e-type=\"widget\" data-widget_type=\"text-editor.default\">\n\t\t\t\t\t\t\t\t\t<p>Le directeur de la publication du site est Jodoin R\u00e9mi.<\/p>\t\t\t\t\t\t\t\t<\/div>\n\t\t\t\t<\/div>\n\t\t<div class=\"elementor-element elementor-element-34aa5b5 e-con-full e-flex e-con e-child\" data-id=\"34aa5b5\" data-element_type=\"container\" data-e-type=\"container\">\n\t\t\t\t<div class=\"elementor-element elementor-element-620d6f1 elementor-widget-tablet_extra__width-inherit elementor-widget elementor-widget-heading\" data-id=\"620d6f1\" data-element_type=\"widget\" data-e-type=\"widget\" data-widget_type=\"heading.default\">\n\t\t\t\t\t<h2 class=\"elementor-heading-title elementor-size-default\">H\u00e9bergement<\/h2>\t\t\t\t<\/div>\n\t\t\t\t<div class=\"elementor-element elementor-element-bf2dfba elementor-widget elementor-widget-text-editor\" data-id=\"bf2dfba\" data-element_type=\"widget\" data-e-type=\"widget\" data-widget_type=\"text-editor.default\">\n\t\t\t\t\t\t\t\t\t<p>Le site est h\u00e9berg\u00e9 par Hostinger, situ\u00e9 \u00e0 61 Lordou Vironos Street, 6023 Larnaca (Chypre).<\/p>\t\t\t\t\t\t\t\t<\/div>\n\t\t\t\t<\/div>\n\t\t<div class=\"elementor-element elementor-element-d5e2626 e-con-full e-flex e-con e-child\" data-id=\"d5e2626\" data-element_type=\"container\" data-e-type=\"container\">\n\t\t\t\t<div class=\"elementor-element elementor-element-e4716bc elementor-widget-tablet_extra__width-inherit elementor-widget elementor-widget-heading\" data-id=\"e4716bc\" data-element_type=\"widget\" data-e-type=\"widget\" data-widget_type=\"heading.default\">\n\t\t\t\t\t<h2 class=\"elementor-heading-title elementor-size-default\">Propri\u00e9t\u00e9 intellectuelle<\/h2>\t\t\t\t<\/div>\n\t\t\t\t<div class=\"elementor-element elementor-element-2319089 elementor-widget elementor-widget-text-editor\" data-id=\"2319089\" data-element_type=\"widget\" data-e-type=\"widget\" data-widget_type=\"text-editor.default\">\n\t\t\t\t\t\t\t\t\t<p>Tout le contenu disponible sur ce site, y compris les textes, images, logos et vid\u00e9os, est la propri\u00e9t\u00e9 exclusive de <span class=\"kx-display-field\">Les \u00e9quipements Ski Sharp Edge Inc.<\/span> et est prot\u00e9g\u00e9 par les lois sur le droit d&rsquo;auteur.<\/p>\t\t\t\t\t\t\t\t<\/div>\n\t\t\t\t<\/div>\n\t\t\t\t<div class=\"elementor-element elementor-element-2bb507c elementor-widget elementor-widget-heading\" data-id=\"2bb507c\" data-element_type=\"widget\" data-e-type=\"widget\" data-widget_type=\"heading.default\">\n\t\t\t\t\t<p class=\"elementor-heading-title elementor-size-default\">Mentions l\u00e9gales mises \u00e0 jour le 22 juillet 2025<\/p>\t\t\t\t<\/div>\n\t\t\t\t\t<\/div>\n\t\t\t\t<\/div>\n\t\t\t\t<\/div>\n\t\t","protected":false},"excerpt":{"rendered":"<p>Mentions l\u00e9gales Nom de l&rsquo;entreprise : Les \u00e9quipements Ski Sharp Edge Inc.Si\u00e8ge social : 201 Rue Gince, Saint-Laurent, QC H4N 1R4, CanadaNum\u00e9ro d&rsquo;enregistrement : 1174198144Directeur de la publication : Jodoin R\u00e9miContact : rj@skisharpedge.comH\u00e9bergeur : Hostinger, dont le si\u00e8ge social est situ\u00e9 \u00e0 61 Lordou Vironos Street, 6023 Larnaca (Chypre), et joignable par les moyens de [&hellip;]<\/p>\n","protected":false},"author":1,"featured_media":0,"parent":0,"menu_order":6,"comment_status":"closed","ping_status":"closed","template":"elementor_header_footer","meta":{"_acf_changed":false,"footnotes":""},"class_list":["post-766","page","type-page","status-publish","hentry"],"acf":[],"yoast_head":"<!-- This site is optimized with the Yoast SEO plugin v27.5 - https:\/\/yoast.com\/product\/yoast-seo-wordpress\/ -->\n<title>Mentions l\u00e9gales | Ski Sharp Edge<\/title>\n<meta name=\"robots\" content=\"index, follow, max-snippet:-1, max-image-preview:large, max-video-preview:-1\" \/>\n<link rel=\"canonical\" href=\"https:\/\/www.skisharpedge.com\/fr\/mentions-legales\/\" \/>\n<meta property=\"og:locale\" content=\"fr_FR\" \/>\n<meta property=\"og:type\" content=\"article\" \/>\n<meta property=\"og:title\" content=\"Mentions l\u00e9gales | Ski Sharp Edge\" \/>\n<meta property=\"og:description\" content=\"Mentions l\u00e9gales Nom de l&rsquo;entreprise : Les \u00e9quipements Ski Sharp Edge Inc.Si\u00e8ge social : 201 Rue Gince, Saint-Laurent, QC H4N 1R4, CanadaNum\u00e9ro d&rsquo;enregistrement : 1174198144Directeur de la publication : Jodoin R\u00e9miContact : rj@skisharpedge.comH\u00e9bergeur : Hostinger, dont le si\u00e8ge social est situ\u00e9 \u00e0 61 Lordou Vironos Street, 6023 Larnaca (Chypre), et joignable par les moyens de [&hellip;]\" \/>\n<meta property=\"og:url\" content=\"https:\/\/www.skisharpedge.com\/fr\/mentions-legales\/\" \/>\n<meta property=\"og:site_name\" content=\"Ski Sharp Edge\" \/>\n<meta property=\"article:modified_time\" content=\"2025-07-22T07:17:58+00:00\" \/>\n<meta name=\"twitter:card\" content=\"summary_large_image\" \/>\n<meta name=\"twitter:label1\" content=\"Dur\u00e9e de lecture estim\u00e9e\" \/>\n\t<meta name=\"twitter:data1\" content=\"1 minute\" \/>\n<script type=\"application\/ld+json\" class=\"yoast-schema-graph\">{\"@context\":\"https:\\\/\\\/schema.org\",\"@graph\":[{\"@type\":\"WebPage\",\"@id\":\"https:\\\/\\\/www.skisharpedge.com\\\/fr\\\/mentions-legales\\\/\",\"url\":\"https:\\\/\\\/www.skisharpedge.com\\\/fr\\\/mentions-legales\\\/\",\"name\":\"Mentions l\u00e9gales | Ski Sharp Edge\",\"isPartOf\":{\"@id\":\"https:\\\/\\\/www.skisharpedge.com\\\/fr\\\/#website\"},\"datePublished\":\"2024-09-11T08:06:47+00:00\",\"dateModified\":\"2025-07-22T07:17:58+00:00\",\"breadcrumb\":{\"@id\":\"https:\\\/\\\/www.skisharpedge.com\\\/fr\\\/mentions-legales\\\/#breadcrumb\"},\"inLanguage\":\"fr-FR\",\"potentialAction\":[{\"@type\":\"ReadAction\",\"target\":[\"https:\\\/\\\/www.skisharpedge.com\\\/fr\\\/mentions-legales\\\/\"]}]},{\"@type\":\"BreadcrumbList\",\"@id\":\"https:\\\/\\\/www.skisharpedge.com\\\/fr\\\/mentions-legales\\\/#breadcrumb\",\"itemListElement\":[{\"@type\":\"ListItem\",\"position\":1,\"name\":\"Home\",\"item\":\"https:\\\/\\\/www.skisharpedge.com\\\/fr\\\/\"},{\"@type\":\"ListItem\",\"position\":2,\"name\":\"Mentions l\u00e9gales\"}]},{\"@type\":\"WebSite\",\"@id\":\"https:\\\/\\\/www.skisharpedge.com\\\/fr\\\/#website\",\"url\":\"https:\\\/\\\/www.skisharpedge.com\\\/fr\\\/\",\"name\":\"Ski Sharp Edge\",\"description\":\"\",\"publisher\":{\"@id\":\"https:\\\/\\\/www.skisharpedge.com\\\/fr\\\/#organization\"},\"potentialAction\":[{\"@type\":\"SearchAction\",\"target\":{\"@type\":\"EntryPoint\",\"urlTemplate\":\"https:\\\/\\\/www.skisharpedge.com\\\/fr\\\/?s={search_term_string}\"},\"query-input\":{\"@type\":\"PropertyValueSpecification\",\"valueRequired\":true,\"valueName\":\"search_term_string\"}}],\"inLanguage\":\"fr-FR\"},{\"@type\":\"Organization\",\"@id\":\"https:\\\/\\\/www.skisharpedge.com\\\/fr\\\/#organization\",\"name\":\"Ski Sharp Edge\",\"url\":\"https:\\\/\\\/www.skisharpedge.com\\\/fr\\\/\",\"logo\":{\"@type\":\"ImageObject\",\"inLanguage\":\"fr-FR\",\"@id\":\"https:\\\/\\\/www.skisharpedge.com\\\/fr\\\/#\\\/schema\\\/logo\\\/image\\\/\",\"url\":\"https:\\\/\\\/www.skisharpedge.com\\\/wp-content\\\/uploads\\\/logo-ski-sharp-edge.svg\",\"contentUrl\":\"https:\\\/\\\/www.skisharpedge.com\\\/wp-content\\\/uploads\\\/logo-ski-sharp-edge.svg\",\"width\":163,\"height\":97,\"caption\":\"Ski Sharp Edge\"},\"image\":{\"@id\":\"https:\\\/\\\/www.skisharpedge.com\\\/fr\\\/#\\\/schema\\\/logo\\\/image\\\/\"}}]}<\/script>\n<!-- \/ Yoast SEO plugin. -->","yoast_head_json":{"title":"Mentions l\u00e9gales | Ski Sharp Edge","robots":{"index":"index","follow":"follow","max-snippet":"max-snippet:-1","max-image-preview":"max-image-preview:large","max-video-preview":"max-video-preview:-1"},"canonical":"https:\/\/www.skisharpedge.com\/fr\/mentions-legales\/","og_locale":"fr_FR","og_type":"article","og_title":"Mentions l\u00e9gales | Ski Sharp Edge","og_description":"Mentions l\u00e9gales Nom de l&rsquo;entreprise : Les \u00e9quipements Ski Sharp Edge Inc.Si\u00e8ge social : 201 Rue Gince, Saint-Laurent, QC H4N 1R4, CanadaNum\u00e9ro d&rsquo;enregistrement : 1174198144Directeur de la publication : Jodoin R\u00e9miContact : rj@skisharpedge.comH\u00e9bergeur : Hostinger, dont le si\u00e8ge social est situ\u00e9 \u00e0 61 Lordou Vironos Street, 6023 Larnaca (Chypre), et joignable par les moyens de [&hellip;]","og_url":"https:\/\/www.skisharpedge.com\/fr\/mentions-legales\/","og_site_name":"Ski Sharp Edge","article_modified_time":"2025-07-22T07:17:58+00:00","twitter_card":"summary_large_image","twitter_misc":{"Dur\u00e9e de lecture estim\u00e9e":"1 minute"},"schema":{"@context":"https:\/\/schema.org","@graph":[{"@type":"WebPage","@id":"https:\/\/www.skisharpedge.com\/fr\/mentions-legales\/","url":"https:\/\/www.skisharpedge.com\/fr\/mentions-legales\/","name":"Mentions l\u00e9gales | Ski Sharp Edge","isPartOf":{"@id":"https:\/\/www.skisharpedge.com\/fr\/#website"},"datePublished":"2024-09-11T08:06:47+00:00","dateModified":"2025-07-22T07:17:58+00:00","breadcrumb":{"@id":"https:\/\/www.skisharpedge.com\/fr\/mentions-legales\/#breadcrumb"},"inLanguage":"fr-FR","potentialAction":[{"@type":"ReadAction","target":["https:\/\/www.skisharpedge.com\/fr\/mentions-legales\/"]}]},{"@type":"BreadcrumbList","@id":"https:\/\/www.skisharpedge.com\/fr\/mentions-legales\/#breadcrumb","itemListElement":[{"@type":"ListItem","position":1,"name":"Home","item":"https:\/\/www.skisharpedge.com\/fr\/"},{"@type":"ListItem","position":2,"name":"Mentions l\u00e9gales"}]},{"@type":"WebSite","@id":"https:\/\/www.skisharpedge.com\/fr\/#website","url":"https:\/\/www.skisharpedge.com\/fr\/","name":"Ski Sharp Edge","description":"","publisher":{"@id":"https:\/\/www.skisharpedge.com\/fr\/#organization"},"potentialAction":[{"@type":"SearchAction","target":{"@type":"EntryPoint","urlTemplate":"https:\/\/www.skisharpedge.com\/fr\/?s={search_term_string}"},"query-input":{"@type":"PropertyValueSpecification","valueRequired":true,"valueName":"search_term_string"}}],"inLanguage":"fr-FR"},{"@type":"Organization","@id":"https:\/\/www.skisharpedge.com\/fr\/#organization","name":"Ski Sharp Edge","url":"https:\/\/www.skisharpedge.com\/fr\/","logo":{"@type":"ImageObject","inLanguage":"fr-FR","@id":"https:\/\/www.skisharpedge.com\/fr\/#\/schema\/logo\/image\/","url":"https:\/\/www.skisharpedge.com\/wp-content\/uploads\/logo-ski-sharp-edge.svg","contentUrl":"https:\/\/www.skisharpedge.com\/wp-content\/uploads\/logo-ski-sharp-edge.svg","width":163,"height":97,"caption":"Ski Sharp Edge"},"image":{"@id":"https:\/\/www.skisharpedge.com\/fr\/#\/schema\/logo\/image\/"}}]}},"_links":{"self":[{"href":"https:\/\/www.skisharpedge.com\/fr\/wp-json\/wp\/v2\/pages\/766","targetHints":{"allow":["GET"]}}],"collection":[{"href":"https:\/\/www.skisharpedge.com\/fr\/wp-json\/wp\/v2\/pages"}],"about":[{"href":"https:\/\/www.skisharpedge.com\/fr\/wp-json\/wp\/v2\/types\/page"}],"author":[{"embeddable":true,"href":"https:\/\/www.skisharpedge.com\/fr\/wp-json\/wp\/v2\/users\/1"}],"replies":[{"embeddable":true,"href":"https:\/\/www.skisharpedge.com\/fr\/wp-json\/wp\/v2\/comments?post=766"}],"version-history":[{"count":13,"href":"https:\/\/www.skisharpedge.com\/fr\/wp-json\/wp\/v2\/pages\/766\/revisions"}],"predecessor-version":[{"id":1429,"href":"https:\/\/www.skisharpedge.com\/fr\/wp-json\/wp\/v2\/pages\/766\/revisions\/1429"}],"wp:attachment":[{"href":"https:\/\/www.skisharpedge.com\/fr\/wp-json\/wp\/v2\/media?parent=766"}],"curies":[{"name":"wp","href":"https:\/\/api.w.org\/{rel}","templated":true}]}}