{"id":763,"date":"2024-09-11T09:58:56","date_gmt":"2024-09-11T07:58:56","guid":{"rendered":"https:\/\/skisharpedge.projet.click\/?page_id=763"},"modified":"2025-01-09T20:09:39","modified_gmt":"2025-01-09T19:09:39","slug":"conditions-utilisation","status":"publish","type":"page","link":"https:\/\/www.skisharpedge.com\/fr\/conditions-utilisation\/","title":{"rendered":"Conditions d&rsquo;utilisation"},"content":{"rendered":"\t\t<div data-elementor-type=\"wp-page\" data-elementor-id=\"763\" class=\"elementor elementor-763\" data-elementor-post-type=\"page\">\n\t\t\t\t<div class=\"elementor-element elementor-element-4726ab4 e-flex e-con-boxed e-con e-parent\" data-id=\"4726ab4\" data-element_type=\"container\" data-e-type=\"container\">\n\t\t\t\t\t<div class=\"e-con-inner\">\n\t\t\t\t<div class=\"elementor-element elementor-element-1a445c7 elementor-widget elementor-widget-heading\" data-id=\"1a445c7\" data-element_type=\"widget\" data-e-type=\"widget\" data-widget_type=\"heading.default\">\n\t\t\t\t\t<h1 class=\"elementor-heading-title elementor-size-default\">Conditions d'utilisation<\/h1>\t\t\t\t<\/div>\n\t\t<div class=\"elementor-element elementor-element-f3aff70 e-con-full e-flex e-con e-child\" data-id=\"f3aff70\" data-element_type=\"container\" data-e-type=\"container\">\n\t\t\t\t<div class=\"elementor-element elementor-element-96536e7 elementor-widget elementor-widget-text-editor\" data-id=\"96536e7\" data-element_type=\"widget\" data-e-type=\"widget\" data-widget_type=\"text-editor.default\">\n\t\t\t\t\t\t\t\t\t<p>Bienvenue sur Ski Sharp Edge. En acc\u00e9dant \u00e0 notre site, vous acceptez d&rsquo;\u00eatre li\u00e9 par les conditions suivantes. Si vous n&rsquo;acceptez pas ces termes, veuillez ne pas utiliser notre site.<\/p>\t\t\t\t\t\t\t\t<\/div>\n\t\t\t\t<\/div>\n\t\t<div class=\"elementor-element elementor-element-2496d0f e-con-full e-flex e-con e-child\" data-id=\"2496d0f\" data-element_type=\"container\" data-e-type=\"container\">\n\t\t\t\t<div class=\"elementor-element elementor-element-a4ed876 elementor-widget-tablet_extra__width-inherit elementor-widget elementor-widget-heading\" data-id=\"a4ed876\" data-element_type=\"widget\" data-e-type=\"widget\" data-widget_type=\"heading.default\">\n\t\t\t\t\t<h2 class=\"elementor-heading-title elementor-size-default\">Utilisation du site<\/h2>\t\t\t\t<\/div>\n\t\t\t\t<div class=\"elementor-element elementor-element-d8cf400 elementor-widget elementor-widget-text-editor\" data-id=\"d8cf400\" data-element_type=\"widget\" data-e-type=\"widget\" data-widget_type=\"text-editor.default\">\n\t\t\t\t\t\t\t\t\t<p>Vous acceptez d&rsquo;utiliser ce site uniquement \u00e0 des fins l\u00e9gales et de mani\u00e8re \u00e0 ne pas porter atteinte aux droits des autres utilisateurs.<\/p>\t\t\t\t\t\t\t\t<\/div>\n\t\t\t\t<\/div>\n\t\t<div class=\"elementor-element elementor-element-699de2c e-con-full e-flex e-con e-child\" data-id=\"699de2c\" data-element_type=\"container\" data-e-type=\"container\">\n\t\t\t\t<div class=\"elementor-element elementor-element-98a0673 elementor-widget-tablet_extra__width-inherit elementor-widget elementor-widget-heading\" data-id=\"98a0673\" data-element_type=\"widget\" data-e-type=\"widget\" data-widget_type=\"heading.default\">\n\t\t\t\t\t<h2 class=\"elementor-heading-title elementor-size-default\">Propri\u00e9t\u00e9 intellectuelle<\/h2>\t\t\t\t<\/div>\n\t\t\t\t<div class=\"elementor-element elementor-element-cd07851 elementor-widget elementor-widget-text-editor\" data-id=\"cd07851\" data-element_type=\"widget\" data-e-type=\"widget\" data-widget_type=\"text-editor.default\">\n\t\t\t\t\t\t\t\t\t<p>Tout le contenu pr\u00e9sent sur ce site, y compris les textes, images, logos et graphiques, est la propri\u00e9t\u00e9 de <span class=\"kx-display-field\">Les \u00e9quipements Ski Sharp Edge Inc.<\/span> et est prot\u00e9g\u00e9 par les lois sur le droit d&rsquo;auteur.<\/p>\t\t\t\t\t\t\t\t<\/div>\n\t\t\t\t<\/div>\n\t\t<div class=\"elementor-element elementor-element-a06fcd1 e-con-full e-flex e-con e-child\" data-id=\"a06fcd1\" data-element_type=\"container\" data-e-type=\"container\">\n\t\t\t\t<div class=\"elementor-element elementor-element-8b58ae2 elementor-widget-tablet_extra__width-inherit elementor-widget elementor-widget-heading\" data-id=\"8b58ae2\" data-element_type=\"widget\" data-e-type=\"widget\" data-widget_type=\"heading.default\">\n\t\t\t\t\t<h2 class=\"elementor-heading-title elementor-size-default\">Limitation de responsabilit\u00e9<\/h2>\t\t\t\t<\/div>\n\t\t\t\t<div class=\"elementor-element elementor-element-54ec2ba elementor-widget elementor-widget-text-editor\" data-id=\"54ec2ba\" data-element_type=\"widget\" data-e-type=\"widget\" data-widget_type=\"text-editor.default\">\n\t\t\t\t\t\t\t\t\t<p>Ski Sharp Edge ne peut \u00eatre tenu responsable des dommages directs ou indirects r\u00e9sultant de l&rsquo;utilisation du site, notamment en cas d&rsquo;erreur ou d&rsquo;interruption de service.<\/p>\t\t\t\t\t\t\t\t<\/div>\n\t\t\t\t<\/div>\n\t\t<div class=\"elementor-element elementor-element-a45ff26 e-con-full e-flex e-con e-child\" data-id=\"a45ff26\" data-element_type=\"container\" data-e-type=\"container\">\n\t\t\t\t<div class=\"elementor-element elementor-element-40c77fe elementor-widget-tablet_extra__width-inherit elementor-widget elementor-widget-heading\" data-id=\"40c77fe\" data-element_type=\"widget\" data-e-type=\"widget\" data-widget_type=\"heading.default\">\n\t\t\t\t\t<h2 class=\"elementor-heading-title elementor-size-default\">Modifications des conditions d'utilisation<\/h2>\t\t\t\t<\/div>\n\t\t\t\t<div class=\"elementor-element elementor-element-e31019a elementor-widget elementor-widget-text-editor\" data-id=\"e31019a\" data-element_type=\"widget\" data-e-type=\"widget\" data-widget_type=\"text-editor.default\">\n\t\t\t\t\t\t\t\t\t<p>Nous nous r\u00e9servons le droit de modifier ces conditions \u00e0 tout moment. Toute modification sera affich\u00e9e sur cette page.<\/p>\t\t\t\t\t\t\t\t<\/div>\n\t\t\t\t<\/div>\n\t\t\t\t<div class=\"elementor-element elementor-element-b000a69 elementor-widget elementor-widget-heading\" data-id=\"b000a69\" data-element_type=\"widget\" data-e-type=\"widget\" data-widget_type=\"heading.default\">\n\t\t\t\t\t<p class=\"elementor-heading-title elementor-size-default\">Conditions d'utilisation mises \u00e0 jour le 9 janvier 2025<\/p>\t\t\t\t<\/div>\n\t\t\t\t\t<\/div>\n\t\t\t\t<\/div>\n\t\t\t\t<\/div>\n\t\t","protected":false},"excerpt":{"rendered":"<p>Conditions d&rsquo;utilisation Bienvenue sur Ski Sharp Edge. En acc\u00e9dant \u00e0 notre site, vous acceptez d&rsquo;\u00eatre li\u00e9 par les conditions suivantes. Si vous n&rsquo;acceptez pas ces termes, veuillez ne pas utiliser notre site. Utilisation du site Vous acceptez d&rsquo;utiliser ce site uniquement \u00e0 des fins l\u00e9gales et de mani\u00e8re \u00e0 ne pas porter atteinte aux droits [&hellip;]<\/p>\n","protected":false},"author":1,"featured_media":0,"parent":0,"menu_order":5,"comment_status":"closed","ping_status":"closed","template":"elementor_header_footer","meta":{"_acf_changed":false,"footnotes":""},"class_list":["post-763","page","type-page","status-publish","hentry"],"acf":[],"yoast_head":"<!-- This site is optimized with the Yoast SEO plugin v27.4 - https:\/\/yoast.com\/product\/yoast-seo-wordpress\/ -->\n<title>Conditions d&#039;utilisation | Ski Sharp Edge<\/title>\n<meta name=\"robots\" content=\"index, follow, max-snippet:-1, max-image-preview:large, max-video-preview:-1\" \/>\n<link rel=\"canonical\" href=\"https:\/\/www.skisharpedge.com\/fr\/conditions-utilisation\/\" \/>\n<meta property=\"og:locale\" content=\"fr_FR\" \/>\n<meta property=\"og:type\" content=\"article\" \/>\n<meta property=\"og:title\" content=\"Conditions d&#039;utilisation | Ski Sharp Edge\" \/>\n<meta property=\"og:description\" content=\"Conditions d&rsquo;utilisation Bienvenue sur Ski Sharp Edge. En acc\u00e9dant \u00e0 notre site, vous acceptez d&rsquo;\u00eatre li\u00e9 par les conditions suivantes. Si vous n&rsquo;acceptez pas ces termes, veuillez ne pas utiliser notre site. Utilisation du site Vous acceptez d&rsquo;utiliser ce site uniquement \u00e0 des fins l\u00e9gales et de mani\u00e8re \u00e0 ne pas porter atteinte aux droits [&hellip;]\" \/>\n<meta property=\"og:url\" content=\"https:\/\/www.skisharpedge.com\/fr\/conditions-utilisation\/\" \/>\n<meta property=\"og:site_name\" content=\"Ski Sharp Edge\" \/>\n<meta property=\"article:modified_time\" content=\"2025-01-09T19:09:39+00:00\" \/>\n<meta name=\"twitter:card\" content=\"summary_large_image\" \/>\n<meta name=\"twitter:label1\" content=\"Dur\u00e9e de lecture estim\u00e9e\" \/>\n\t<meta name=\"twitter:data1\" content=\"1 minute\" \/>\n<script type=\"application\/ld+json\" class=\"yoast-schema-graph\">{\"@context\":\"https:\\\/\\\/schema.org\",\"@graph\":[{\"@type\":\"WebPage\",\"@id\":\"https:\\\/\\\/www.skisharpedge.com\\\/fr\\\/conditions-utilisation\\\/\",\"url\":\"https:\\\/\\\/www.skisharpedge.com\\\/fr\\\/conditions-utilisation\\\/\",\"name\":\"Conditions d'utilisation | Ski Sharp Edge\",\"isPartOf\":{\"@id\":\"https:\\\/\\\/www.skisharpedge.com\\\/fr\\\/#website\"},\"datePublished\":\"2024-09-11T07:58:56+00:00\",\"dateModified\":\"2025-01-09T19:09:39+00:00\",\"breadcrumb\":{\"@id\":\"https:\\\/\\\/www.skisharpedge.com\\\/fr\\\/conditions-utilisation\\\/#breadcrumb\"},\"inLanguage\":\"fr-FR\",\"potentialAction\":[{\"@type\":\"ReadAction\",\"target\":[\"https:\\\/\\\/www.skisharpedge.com\\\/fr\\\/conditions-utilisation\\\/\"]}]},{\"@type\":\"BreadcrumbList\",\"@id\":\"https:\\\/\\\/www.skisharpedge.com\\\/fr\\\/conditions-utilisation\\\/#breadcrumb\",\"itemListElement\":[{\"@type\":\"ListItem\",\"position\":1,\"name\":\"Home\",\"item\":\"https:\\\/\\\/www.skisharpedge.com\\\/fr\\\/\"},{\"@type\":\"ListItem\",\"position\":2,\"name\":\"Conditions d&rsquo;utilisation\"}]},{\"@type\":\"WebSite\",\"@id\":\"https:\\\/\\\/www.skisharpedge.com\\\/fr\\\/#website\",\"url\":\"https:\\\/\\\/www.skisharpedge.com\\\/fr\\\/\",\"name\":\"Ski Sharp Edge\",\"description\":\"\",\"publisher\":{\"@id\":\"https:\\\/\\\/www.skisharpedge.com\\\/fr\\\/#organization\"},\"potentialAction\":[{\"@type\":\"SearchAction\",\"target\":{\"@type\":\"EntryPoint\",\"urlTemplate\":\"https:\\\/\\\/www.skisharpedge.com\\\/fr\\\/?s={search_term_string}\"},\"query-input\":{\"@type\":\"PropertyValueSpecification\",\"valueRequired\":true,\"valueName\":\"search_term_string\"}}],\"inLanguage\":\"fr-FR\"},{\"@type\":\"Organization\",\"@id\":\"https:\\\/\\\/www.skisharpedge.com\\\/fr\\\/#organization\",\"name\":\"Ski Sharp Edge\",\"url\":\"https:\\\/\\\/www.skisharpedge.com\\\/fr\\\/\",\"logo\":{\"@type\":\"ImageObject\",\"inLanguage\":\"fr-FR\",\"@id\":\"https:\\\/\\\/www.skisharpedge.com\\\/fr\\\/#\\\/schema\\\/logo\\\/image\\\/\",\"url\":\"https:\\\/\\\/www.skisharpedge.com\\\/wp-content\\\/uploads\\\/logo-ski-sharp-edge.svg\",\"contentUrl\":\"https:\\\/\\\/www.skisharpedge.com\\\/wp-content\\\/uploads\\\/logo-ski-sharp-edge.svg\",\"width\":163,\"height\":97,\"caption\":\"Ski Sharp Edge\"},\"image\":{\"@id\":\"https:\\\/\\\/www.skisharpedge.com\\\/fr\\\/#\\\/schema\\\/logo\\\/image\\\/\"}}]}<\/script>\n<!-- \/ Yoast SEO plugin. -->","yoast_head_json":{"title":"Conditions d'utilisation | Ski Sharp Edge","robots":{"index":"index","follow":"follow","max-snippet":"max-snippet:-1","max-image-preview":"max-image-preview:large","max-video-preview":"max-video-preview:-1"},"canonical":"https:\/\/www.skisharpedge.com\/fr\/conditions-utilisation\/","og_locale":"fr_FR","og_type":"article","og_title":"Conditions d'utilisation | Ski Sharp Edge","og_description":"Conditions d&rsquo;utilisation Bienvenue sur Ski Sharp Edge. En acc\u00e9dant \u00e0 notre site, vous acceptez d&rsquo;\u00eatre li\u00e9 par les conditions suivantes. Si vous n&rsquo;acceptez pas ces termes, veuillez ne pas utiliser notre site. Utilisation du site Vous acceptez d&rsquo;utiliser ce site uniquement \u00e0 des fins l\u00e9gales et de mani\u00e8re \u00e0 ne pas porter atteinte aux droits [&hellip;]","og_url":"https:\/\/www.skisharpedge.com\/fr\/conditions-utilisation\/","og_site_name":"Ski Sharp Edge","article_modified_time":"2025-01-09T19:09:39+00:00","twitter_card":"summary_large_image","twitter_misc":{"Dur\u00e9e de lecture estim\u00e9e":"1 minute"},"schema":{"@context":"https:\/\/schema.org","@graph":[{"@type":"WebPage","@id":"https:\/\/www.skisharpedge.com\/fr\/conditions-utilisation\/","url":"https:\/\/www.skisharpedge.com\/fr\/conditions-utilisation\/","name":"Conditions d'utilisation | Ski Sharp Edge","isPartOf":{"@id":"https:\/\/www.skisharpedge.com\/fr\/#website"},"datePublished":"2024-09-11T07:58:56+00:00","dateModified":"2025-01-09T19:09:39+00:00","breadcrumb":{"@id":"https:\/\/www.skisharpedge.com\/fr\/conditions-utilisation\/#breadcrumb"},"inLanguage":"fr-FR","potentialAction":[{"@type":"ReadAction","target":["https:\/\/www.skisharpedge.com\/fr\/conditions-utilisation\/"]}]},{"@type":"BreadcrumbList","@id":"https:\/\/www.skisharpedge.com\/fr\/conditions-utilisation\/#breadcrumb","itemListElement":[{"@type":"ListItem","position":1,"name":"Home","item":"https:\/\/www.skisharpedge.com\/fr\/"},{"@type":"ListItem","position":2,"name":"Conditions d&rsquo;utilisation"}]},{"@type":"WebSite","@id":"https:\/\/www.skisharpedge.com\/fr\/#website","url":"https:\/\/www.skisharpedge.com\/fr\/","name":"Ski Sharp Edge","description":"","publisher":{"@id":"https:\/\/www.skisharpedge.com\/fr\/#organization"},"potentialAction":[{"@type":"SearchAction","target":{"@type":"EntryPoint","urlTemplate":"https:\/\/www.skisharpedge.com\/fr\/?s={search_term_string}"},"query-input":{"@type":"PropertyValueSpecification","valueRequired":true,"valueName":"search_term_string"}}],"inLanguage":"fr-FR"},{"@type":"Organization","@id":"https:\/\/www.skisharpedge.com\/fr\/#organization","name":"Ski Sharp Edge","url":"https:\/\/www.skisharpedge.com\/fr\/","logo":{"@type":"ImageObject","inLanguage":"fr-FR","@id":"https:\/\/www.skisharpedge.com\/fr\/#\/schema\/logo\/image\/","url":"https:\/\/www.skisharpedge.com\/wp-content\/uploads\/logo-ski-sharp-edge.svg","contentUrl":"https:\/\/www.skisharpedge.com\/wp-content\/uploads\/logo-ski-sharp-edge.svg","width":163,"height":97,"caption":"Ski Sharp Edge"},"image":{"@id":"https:\/\/www.skisharpedge.com\/fr\/#\/schema\/logo\/image\/"}}]}},"_links":{"self":[{"href":"https:\/\/www.skisharpedge.com\/fr\/wp-json\/wp\/v2\/pages\/763","targetHints":{"allow":["GET"]}}],"collection":[{"href":"https:\/\/www.skisharpedge.com\/fr\/wp-json\/wp\/v2\/pages"}],"about":[{"href":"https:\/\/www.skisharpedge.com\/fr\/wp-json\/wp\/v2\/types\/page"}],"author":[{"embeddable":true,"href":"https:\/\/www.skisharpedge.com\/fr\/wp-json\/wp\/v2\/users\/1"}],"replies":[{"embeddable":true,"href":"https:\/\/www.skisharpedge.com\/fr\/wp-json\/wp\/v2\/comments?post=763"}],"version-history":[{"count":10,"href":"https:\/\/www.skisharpedge.com\/fr\/wp-json\/wp\/v2\/pages\/763\/revisions"}],"predecessor-version":[{"id":1023,"href":"https:\/\/www.skisharpedge.com\/fr\/wp-json\/wp\/v2\/pages\/763\/revisions\/1023"}],"wp:attachment":[{"href":"https:\/\/www.skisharpedge.com\/fr\/wp-json\/wp\/v2\/media?parent=763"}],"curies":[{"name":"wp","href":"https:\/\/api.w.org\/{rel}","templated":true}]}}