{"id":3,"date":"2024-08-20T08:09:59","date_gmt":"2024-08-20T08:09:59","guid":{"rendered":"https:\/\/skisharpedge.projet.click\/?page_id=3"},"modified":"2024-11-27T15:46:37","modified_gmt":"2024-11-27T14:46:37","slug":"politique-confidentialite","status":"publish","type":"page","link":"https:\/\/www.skisharpedge.com\/fr\/politique-confidentialite\/","title":{"rendered":"Politique de confidentialit\u00e9"},"content":{"rendered":"\t\t<div data-elementor-type=\"wp-page\" data-elementor-id=\"3\" class=\"elementor elementor-3\" data-elementor-post-type=\"page\">\n\t\t\t\t<div class=\"elementor-element elementor-element-065d6b6 e-flex e-con-boxed e-con e-parent\" data-id=\"065d6b6\" data-element_type=\"container\" data-e-type=\"container\">\n\t\t\t\t\t<div class=\"e-con-inner\">\n\t\t\t\t<div class=\"elementor-element elementor-element-af64898 elementor-widget elementor-widget-heading\" data-id=\"af64898\" data-element_type=\"widget\" data-e-type=\"widget\" data-widget_type=\"heading.default\">\n\t\t\t\t\t<h1 class=\"elementor-heading-title elementor-size-default\">Politique de confidentialit\u00e9<\/h1>\t\t\t\t<\/div>\n\t\t<div class=\"elementor-element elementor-element-9fb4906 e-con-full e-flex e-con e-child\" data-id=\"9fb4906\" data-element_type=\"container\" data-e-type=\"container\">\n\t\t\t\t<div class=\"elementor-element elementor-element-b30a067 elementor-widget elementor-widget-text-editor\" data-id=\"b30a067\" data-element_type=\"widget\" data-e-type=\"widget\" data-widget_type=\"text-editor.default\">\n\t\t\t\t\t\t\t\t\t<p>Votre confidentialit\u00e9 est importante pour nous. Cette politique de confidentialit\u00e9 explique comment <span class=\"kx-display-field\">Les \u00e9quipements Ski Sharp Edge Inc.<\/span> collecte, utilise, partage et prot\u00e8ge les informations personnelles que vous nous fournissez lorsque vous utilisez notre site web Ski Sharp Edge accessible \u00e0 l&rsquo;adresse www.skisharpedge.com.<\/p>\t\t\t\t\t\t\t\t<\/div>\n\t\t\t\t<\/div>\n\t\t<div class=\"elementor-element elementor-element-646d258 e-con-full e-flex e-con e-child\" data-id=\"646d258\" data-element_type=\"container\" data-e-type=\"container\">\n\t\t\t\t<div class=\"elementor-element elementor-element-cf05583 elementor-widget-tablet_extra__width-inherit elementor-widget elementor-widget-heading\" data-id=\"cf05583\" data-element_type=\"widget\" data-e-type=\"widget\" data-widget_type=\"heading.default\">\n\t\t\t\t\t<h2 class=\"elementor-heading-title elementor-size-default\">Collecte des informations personnelles<\/h2>\t\t\t\t<\/div>\n\t\t\t\t<div class=\"elementor-element elementor-element-3663dd3 elementor-widget elementor-widget-text-editor\" data-id=\"3663dd3\" data-element_type=\"widget\" data-e-type=\"widget\" data-widget_type=\"text-editor.default\">\n\t\t\t\t\t\t\t\t\t<p>Nous collectons des informations personnelles lorsque vous interagissez avec notre site, par exemple lorsque vous :<br \/>&#8211; Remplissez notre formulaire de contact<br \/>&#8211; Nous contactez par courriel<\/p><p>Les types d&rsquo;informations que nous collectons peuvent inclure votre nom, pr\u00e9nom, adresse e-mail, adresse postale, num\u00e9ro de t\u00e9l\u00e9phone et autres informations pertinentes.<\/p>\t\t\t\t\t\t\t\t<\/div>\n\t\t\t\t<\/div>\n\t\t<div class=\"elementor-element elementor-element-c4874a7 e-con-full e-flex e-con e-child\" data-id=\"c4874a7\" data-element_type=\"container\" data-e-type=\"container\">\n\t\t\t\t<div class=\"elementor-element elementor-element-67eb812 elementor-widget-tablet_extra__width-inherit elementor-widget elementor-widget-heading\" data-id=\"67eb812\" data-element_type=\"widget\" data-e-type=\"widget\" data-widget_type=\"heading.default\">\n\t\t\t\t\t<h2 class=\"elementor-heading-title elementor-size-default\">Utilisation des informations<\/h2>\t\t\t\t<\/div>\n\t\t\t\t<div class=\"elementor-element elementor-element-700889a elementor-widget elementor-widget-text-editor\" data-id=\"700889a\" data-element_type=\"widget\" data-e-type=\"widget\" data-widget_type=\"text-editor.default\">\n\t\t\t\t\t\t\t\t\t<p>Les informations collect\u00e9es sont utilis\u00e9es pour :<br \/>&#8211; Traiter vos commandes<br \/>&#8211; R\u00e9pondre \u00e0 vos demandes<\/p>\t\t\t\t\t\t\t\t<\/div>\n\t\t\t\t<\/div>\n\t\t<div class=\"elementor-element elementor-element-2f97367 e-con-full e-flex e-con e-child\" data-id=\"2f97367\" data-element_type=\"container\" data-e-type=\"container\">\n\t\t\t\t<div class=\"elementor-element elementor-element-54a9541 elementor-widget-tablet_extra__width-inherit elementor-widget elementor-widget-heading\" data-id=\"54a9541\" data-element_type=\"widget\" data-e-type=\"widget\" data-widget_type=\"heading.default\">\n\t\t\t\t\t<h2 class=\"elementor-heading-title elementor-size-default\">Partage des informations<\/h2>\t\t\t\t<\/div>\n\t\t\t\t<div class=\"elementor-element elementor-element-d6fe3f5 elementor-widget elementor-widget-text-editor\" data-id=\"d6fe3f5\" data-element_type=\"widget\" data-e-type=\"widget\" data-widget_type=\"text-editor.default\">\n\t\t\t\t\t\t\t\t\t<p>Nous ne partageons vos informations personnelles avec des tiers que dans les situations suivantes :<br \/>&#8211; Avec le prestataire de services <a href=\"https:\/\/www.alpixi.com\/\" target=\"_blank\" rel=\"noopener\">Alpixi<\/a> qui nous aident \u00e0 g\u00e9rer le site web<br \/>&#8211; Si la loi l&rsquo;exige (ex. : obligation l\u00e9gale)<br \/>&#8211; Pour prot\u00e9ger nos droits ou pr\u00e9venir la fraude<\/p>\t\t\t\t\t\t\t\t<\/div>\n\t\t\t\t<\/div>\n\t\t<div class=\"elementor-element elementor-element-7f415df e-con-full e-flex e-con e-child\" data-id=\"7f415df\" data-element_type=\"container\" data-e-type=\"container\">\n\t\t\t\t<div class=\"elementor-element elementor-element-f57292b elementor-widget-tablet_extra__width-inherit elementor-widget elementor-widget-heading\" data-id=\"f57292b\" data-element_type=\"widget\" data-e-type=\"widget\" data-widget_type=\"heading.default\">\n\t\t\t\t\t<h2 class=\"elementor-heading-title elementor-size-default\">S\u00e9curit\u00e9 des donn\u00e9es<\/h2>\t\t\t\t<\/div>\n\t\t\t\t<div class=\"elementor-element elementor-element-cf30928 elementor-widget elementor-widget-text-editor\" data-id=\"cf30928\" data-element_type=\"widget\" data-e-type=\"widget\" data-widget_type=\"text-editor.default\">\n\t\t\t\t\t\t\t\t\t<p>Nous prenons des mesures de s\u00e9curit\u00e9 raisonnables pour prot\u00e9ger vos informations personnelles contre la perte, l&rsquo;utilisation abusive ou l&rsquo;acc\u00e8s non autoris\u00e9.<\/p>\t\t\t\t\t\t\t\t<\/div>\n\t\t\t\t<\/div>\n\t\t<div class=\"elementor-element elementor-element-b31e3b1 e-con-full e-flex e-con e-child\" data-id=\"b31e3b1\" data-element_type=\"container\" data-e-type=\"container\">\n\t\t\t\t<div class=\"elementor-element elementor-element-15bf86d elementor-widget-tablet_extra__width-inherit elementor-widget elementor-widget-heading\" data-id=\"15bf86d\" data-element_type=\"widget\" data-e-type=\"widget\" data-widget_type=\"heading.default\">\n\t\t\t\t\t<h2 class=\"elementor-heading-title elementor-size-default\">Vos droits<\/h2>\t\t\t\t<\/div>\n\t\t\t\t<div class=\"elementor-element elementor-element-a031cc0 elementor-widget elementor-widget-text-editor\" data-id=\"a031cc0\" data-element_type=\"widget\" data-e-type=\"widget\" data-widget_type=\"text-editor.default\">\n\t\t\t\t\t\t\t\t\t<p>Vous avez le droit de :<br \/>&#8211; Acc\u00e9der \u00e0 vos informations personnelles<br \/>&#8211; Demander la correction de vos informations<br \/>&#8211; Demander la suppression de vos donn\u00e9es<br \/>&#8211; Vous opposer \u00e0 l&rsquo;utilisation de vos donn\u00e9es<\/p><p>Pour toute demande, contactez-nous \u00e0 : rj@skisharpedge.com.<\/p>\t\t\t\t\t\t\t\t<\/div>\n\t\t\t\t<\/div>\n\t\t<div class=\"elementor-element elementor-element-b987d61 e-con-full e-flex e-con e-child\" data-id=\"b987d61\" data-element_type=\"container\" data-e-type=\"container\">\n\t\t\t\t<div class=\"elementor-element elementor-element-5b29b08 elementor-widget-tablet_extra__width-inherit elementor-widget elementor-widget-heading\" data-id=\"5b29b08\" data-element_type=\"widget\" data-e-type=\"widget\" data-widget_type=\"heading.default\">\n\t\t\t\t\t<h2 class=\"elementor-heading-title elementor-size-default\">Modifications de la politique de confidentialit\u00e9<\/h2>\t\t\t\t<\/div>\n\t\t\t\t<div class=\"elementor-element elementor-element-bf1af6b elementor-widget elementor-widget-text-editor\" data-id=\"bf1af6b\" data-element_type=\"widget\" data-e-type=\"widget\" data-widget_type=\"text-editor.default\">\n\t\t\t\t\t\t\t\t\t<p>Nous pouvons mettre \u00e0 jour cette politique de temps \u00e0 autre. Toute modification sera affich\u00e9e sur cette page, ci-dessous, avec la date de mise \u00e0 jour.<\/p>\t\t\t\t\t\t\t\t<\/div>\n\t\t\t\t<\/div>\n\t\t\t\t<div class=\"elementor-element elementor-element-06d4fb6 elementor-widget elementor-widget-heading\" data-id=\"06d4fb6\" data-element_type=\"widget\" data-e-type=\"widget\" data-widget_type=\"heading.default\">\n\t\t\t\t\t<p class=\"elementor-heading-title elementor-size-default\">Politique de confidentialit\u00e9 mise \u00e0 jour le 27 novembre 2024<\/p>\t\t\t\t<\/div>\n\t\t\t\t\t<\/div>\n\t\t\t\t<\/div>\n\t\t\t\t<\/div>\n\t\t","protected":false},"excerpt":{"rendered":"<p>Politique de confidentialit\u00e9 Votre confidentialit\u00e9 est importante pour nous. Cette politique de confidentialit\u00e9 explique comment Les \u00e9quipements Ski Sharp Edge Inc. collecte, utilise, partage et prot\u00e8ge les informations personnelles que vous nous fournissez lorsque vous utilisez notre site web Ski Sharp Edge accessible \u00e0 l&rsquo;adresse www.skisharpedge.com. Collecte des informations personnelles Nous collectons des informations personnelles [&hellip;]<\/p>\n","protected":false},"author":1,"featured_media":0,"parent":0,"menu_order":3,"comment_status":"closed","ping_status":"closed","template":"elementor_header_footer","meta":{"_acf_changed":false,"footnotes":""},"class_list":["post-3","page","type-page","status-publish","hentry"],"acf":[],"yoast_head":"<!-- This site is optimized with the Yoast SEO plugin v27.1.1 - https:\/\/yoast.com\/product\/yoast-seo-wordpress\/ -->\n<title>Politique de confidentialit\u00e9 | Ski Sharp Edge<\/title>\n<meta name=\"robots\" content=\"index, follow, max-snippet:-1, max-image-preview:large, max-video-preview:-1\" \/>\n<link rel=\"canonical\" href=\"https:\/\/www.skisharpedge.com\/fr\/politique-confidentialite\/\" \/>\n<meta property=\"og:locale\" content=\"fr_FR\" \/>\n<meta property=\"og:type\" content=\"article\" \/>\n<meta property=\"og:title\" content=\"Politique de confidentialit\u00e9 | Ski Sharp Edge\" \/>\n<meta property=\"og:description\" content=\"Politique de confidentialit\u00e9 Votre confidentialit\u00e9 est importante pour nous. Cette politique de confidentialit\u00e9 explique comment Les \u00e9quipements Ski Sharp Edge Inc. collecte, utilise, partage et prot\u00e8ge les informations personnelles que vous nous fournissez lorsque vous utilisez notre site web Ski Sharp Edge accessible \u00e0 l&rsquo;adresse www.skisharpedge.com. Collecte des informations personnelles Nous collectons des informations personnelles [&hellip;]\" \/>\n<meta property=\"og:url\" content=\"https:\/\/www.skisharpedge.com\/fr\/politique-confidentialite\/\" \/>\n<meta property=\"og:site_name\" content=\"Ski Sharp Edge\" \/>\n<meta property=\"article:modified_time\" content=\"2024-11-27T14:46:37+00:00\" \/>\n<meta name=\"twitter:card\" content=\"summary_large_image\" \/>\n<meta name=\"twitter:label1\" content=\"Dur\u00e9e de lecture estim\u00e9e\" \/>\n\t<meta name=\"twitter:data1\" content=\"1 minute\" \/>\n<script type=\"application\/ld+json\" class=\"yoast-schema-graph\">{\"@context\":\"https:\/\/schema.org\",\"@graph\":[{\"@type\":\"WebPage\",\"@id\":\"https:\/\/www.skisharpedge.com\/fr\/politique-confidentialite\/\",\"url\":\"https:\/\/www.skisharpedge.com\/fr\/politique-confidentialite\/\",\"name\":\"Politique de confidentialit\u00e9 | Ski Sharp Edge\",\"isPartOf\":{\"@id\":\"https:\/\/www.skisharpedge.com\/fr\/#website\"},\"datePublished\":\"2024-08-20T08:09:59+00:00\",\"dateModified\":\"2024-11-27T14:46:37+00:00\",\"breadcrumb\":{\"@id\":\"https:\/\/www.skisharpedge.com\/fr\/politique-confidentialite\/#breadcrumb\"},\"inLanguage\":\"fr-FR\",\"potentialAction\":[{\"@type\":\"ReadAction\",\"target\":[\"https:\/\/www.skisharpedge.com\/fr\/politique-confidentialite\/\"]}]},{\"@type\":\"BreadcrumbList\",\"@id\":\"https:\/\/www.skisharpedge.com\/fr\/politique-confidentialite\/#breadcrumb\",\"itemListElement\":[{\"@type\":\"ListItem\",\"position\":1,\"name\":\"Home\",\"item\":\"https:\/\/www.skisharpedge.com\/fr\/\"},{\"@type\":\"ListItem\",\"position\":2,\"name\":\"Politique de confidentialit\u00e9\"}]},{\"@type\":\"WebSite\",\"@id\":\"https:\/\/www.skisharpedge.com\/fr\/#website\",\"url\":\"https:\/\/www.skisharpedge.com\/fr\/\",\"name\":\"Ski Sharp Edge\",\"description\":\"\",\"publisher\":{\"@id\":\"https:\/\/www.skisharpedge.com\/fr\/#organization\"},\"potentialAction\":[{\"@type\":\"SearchAction\",\"target\":{\"@type\":\"EntryPoint\",\"urlTemplate\":\"https:\/\/www.skisharpedge.com\/fr\/?s={search_term_string}\"},\"query-input\":{\"@type\":\"PropertyValueSpecification\",\"valueRequired\":true,\"valueName\":\"search_term_string\"}}],\"inLanguage\":\"fr-FR\"},{\"@type\":\"Organization\",\"@id\":\"https:\/\/www.skisharpedge.com\/fr\/#organization\",\"name\":\"Ski Sharp Edge\",\"url\":\"https:\/\/www.skisharpedge.com\/fr\/\",\"logo\":{\"@type\":\"ImageObject\",\"inLanguage\":\"fr-FR\",\"@id\":\"https:\/\/www.skisharpedge.com\/fr\/#\/schema\/logo\/image\/\",\"url\":\"https:\/\/www.skisharpedge.com\/wp-content\/uploads\/logo-ski-sharp-edge.svg\",\"contentUrl\":\"https:\/\/www.skisharpedge.com\/wp-content\/uploads\/logo-ski-sharp-edge.svg\",\"width\":163,\"height\":97,\"caption\":\"Ski Sharp Edge\"},\"image\":{\"@id\":\"https:\/\/www.skisharpedge.com\/fr\/#\/schema\/logo\/image\/\"}}]}<\/script>\n<!-- \/ Yoast SEO plugin. -->","yoast_head_json":{"title":"Politique de confidentialit\u00e9 | Ski Sharp Edge","robots":{"index":"index","follow":"follow","max-snippet":"max-snippet:-1","max-image-preview":"max-image-preview:large","max-video-preview":"max-video-preview:-1"},"canonical":"https:\/\/www.skisharpedge.com\/fr\/politique-confidentialite\/","og_locale":"fr_FR","og_type":"article","og_title":"Politique de confidentialit\u00e9 | Ski Sharp Edge","og_description":"Politique de confidentialit\u00e9 Votre confidentialit\u00e9 est importante pour nous. Cette politique de confidentialit\u00e9 explique comment Les \u00e9quipements Ski Sharp Edge Inc. collecte, utilise, partage et prot\u00e8ge les informations personnelles que vous nous fournissez lorsque vous utilisez notre site web Ski Sharp Edge accessible \u00e0 l&rsquo;adresse www.skisharpedge.com. Collecte des informations personnelles Nous collectons des informations personnelles [&hellip;]","og_url":"https:\/\/www.skisharpedge.com\/fr\/politique-confidentialite\/","og_site_name":"Ski Sharp Edge","article_modified_time":"2024-11-27T14:46:37+00:00","twitter_card":"summary_large_image","twitter_misc":{"Dur\u00e9e de lecture estim\u00e9e":"1 minute"},"schema":{"@context":"https:\/\/schema.org","@graph":[{"@type":"WebPage","@id":"https:\/\/www.skisharpedge.com\/fr\/politique-confidentialite\/","url":"https:\/\/www.skisharpedge.com\/fr\/politique-confidentialite\/","name":"Politique de confidentialit\u00e9 | Ski Sharp Edge","isPartOf":{"@id":"https:\/\/www.skisharpedge.com\/fr\/#website"},"datePublished":"2024-08-20T08:09:59+00:00","dateModified":"2024-11-27T14:46:37+00:00","breadcrumb":{"@id":"https:\/\/www.skisharpedge.com\/fr\/politique-confidentialite\/#breadcrumb"},"inLanguage":"fr-FR","potentialAction":[{"@type":"ReadAction","target":["https:\/\/www.skisharpedge.com\/fr\/politique-confidentialite\/"]}]},{"@type":"BreadcrumbList","@id":"https:\/\/www.skisharpedge.com\/fr\/politique-confidentialite\/#breadcrumb","itemListElement":[{"@type":"ListItem","position":1,"name":"Home","item":"https:\/\/www.skisharpedge.com\/fr\/"},{"@type":"ListItem","position":2,"name":"Politique de confidentialit\u00e9"}]},{"@type":"WebSite","@id":"https:\/\/www.skisharpedge.com\/fr\/#website","url":"https:\/\/www.skisharpedge.com\/fr\/","name":"Ski Sharp Edge","description":"","publisher":{"@id":"https:\/\/www.skisharpedge.com\/fr\/#organization"},"potentialAction":[{"@type":"SearchAction","target":{"@type":"EntryPoint","urlTemplate":"https:\/\/www.skisharpedge.com\/fr\/?s={search_term_string}"},"query-input":{"@type":"PropertyValueSpecification","valueRequired":true,"valueName":"search_term_string"}}],"inLanguage":"fr-FR"},{"@type":"Organization","@id":"https:\/\/www.skisharpedge.com\/fr\/#organization","name":"Ski Sharp Edge","url":"https:\/\/www.skisharpedge.com\/fr\/","logo":{"@type":"ImageObject","inLanguage":"fr-FR","@id":"https:\/\/www.skisharpedge.com\/fr\/#\/schema\/logo\/image\/","url":"https:\/\/www.skisharpedge.com\/wp-content\/uploads\/logo-ski-sharp-edge.svg","contentUrl":"https:\/\/www.skisharpedge.com\/wp-content\/uploads\/logo-ski-sharp-edge.svg","width":163,"height":97,"caption":"Ski Sharp Edge"},"image":{"@id":"https:\/\/www.skisharpedge.com\/fr\/#\/schema\/logo\/image\/"}}]}},"_links":{"self":[{"href":"https:\/\/www.skisharpedge.com\/fr\/wp-json\/wp\/v2\/pages\/3","targetHints":{"allow":["GET"]}}],"collection":[{"href":"https:\/\/www.skisharpedge.com\/fr\/wp-json\/wp\/v2\/pages"}],"about":[{"href":"https:\/\/www.skisharpedge.com\/fr\/wp-json\/wp\/v2\/types\/page"}],"author":[{"embeddable":true,"href":"https:\/\/www.skisharpedge.com\/fr\/wp-json\/wp\/v2\/users\/1"}],"replies":[{"embeddable":true,"href":"https:\/\/www.skisharpedge.com\/fr\/wp-json\/wp\/v2\/comments?post=3"}],"version-history":[{"count":34,"href":"https:\/\/www.skisharpedge.com\/fr\/wp-json\/wp\/v2\/pages\/3\/revisions"}],"predecessor-version":[{"id":1020,"href":"https:\/\/www.skisharpedge.com\/fr\/wp-json\/wp\/v2\/pages\/3\/revisions\/1020"}],"wp:attachment":[{"href":"https:\/\/www.skisharpedge.com\/fr\/wp-json\/wp\/v2\/media?parent=3"}],"curies":[{"name":"wp","href":"https:\/\/api.w.org\/{rel}","templated":true}]}}