{"id":1024,"date":"2024-11-27T15:48:04","date_gmt":"2024-11-27T14:48:04","guid":{"rendered":"https:\/\/skisharpedge.projet.click\/?page_id=1024"},"modified":"2025-01-10T11:08:03","modified_gmt":"2025-01-10T10:08:03","slug":"politique-cookies","status":"publish","type":"page","link":"https:\/\/www.skisharpedge.com\/fr\/politique-cookies\/","title":{"rendered":"Politique relative aux cookies"},"content":{"rendered":"\t\t<div data-elementor-type=\"wp-page\" data-elementor-id=\"1024\" class=\"elementor elementor-1024\" data-elementor-post-type=\"page\">\n\t\t\t\t<div class=\"elementor-element elementor-element-a64c9f3 e-flex e-con-boxed e-con e-parent\" data-id=\"a64c9f3\" data-element_type=\"container\" data-e-type=\"container\">\n\t\t\t\t\t<div class=\"e-con-inner\">\n\t\t\t\t<div class=\"elementor-element elementor-element-a2ef365 elementor-widget elementor-widget-heading\" data-id=\"a2ef365\" data-element_type=\"widget\" data-e-type=\"widget\" data-widget_type=\"heading.default\">\n\t\t\t\t\t<h1 class=\"elementor-heading-title elementor-size-default\">Politique relative aux cookies<\/h1>\t\t\t\t<\/div>\n\t\t<div class=\"elementor-element elementor-element-61711eb e-con-full e-flex e-con e-child\" data-id=\"61711eb\" data-element_type=\"container\" data-e-type=\"container\">\n\t\t\t\t<div class=\"elementor-element elementor-element-55170b2 elementor-widget elementor-widget-text-editor\" data-id=\"55170b2\" data-element_type=\"widget\" data-e-type=\"widget\" data-widget_type=\"text-editor.default\">\n\t\t\t\t\t\t\t\t\t<p>Un cookie est un petit fichier texte stock\u00e9 sur le navigateur ou le disque dur de votre ordinateur ou appareil mobile lorsque vous visitez un site web. Les cookies sont largement utilis\u00e9s pour am\u00e9liorer la fonctionnalit\u00e9, la performance et l\u2019exp\u00e9rience utilisateur des sites web.<\/p><p>Le site web de Ski Sharp Edge utilise les types de cookies suivants :<\/p>\t\t\t\t\t\t\t\t<\/div>\n\t\t\t\t<\/div>\n\t\t<div class=\"elementor-element elementor-element-5484f97 e-con-full e-flex e-con e-child\" data-id=\"5484f97\" data-element_type=\"container\" data-e-type=\"container\">\n\t\t\t\t<div class=\"elementor-element elementor-element-158eebe elementor-widget-tablet_extra__width-inherit elementor-widget elementor-widget-heading\" data-id=\"158eebe\" data-element_type=\"widget\" data-e-type=\"widget\" data-widget_type=\"heading.default\">\n\t\t\t\t\t<h2 class=\"elementor-heading-title elementor-size-default\">Types de cookies utilis\u00e9s<\/h2>\t\t\t\t<\/div>\n\t\t\t\t<div class=\"elementor-element elementor-element-74eec75 elementor-widget elementor-widget-text-editor\" data-id=\"74eec75\" data-element_type=\"widget\" data-e-type=\"widget\" data-widget_type=\"text-editor.default\">\n\t\t\t\t\t\t\t\t\t<p><strong style=\"color: #e00921;\">Cookies essentiels<\/strong> :<br \/>Ces cookies vous permettent de naviguer sur le site web et d\u2019utiliser ses fonctionnalit\u00e9s de base. Sans ces cookies, certains services que vous avez demand\u00e9s, comme l\u2019utilisation du formulaire de contact, ne peuvent pas \u00eatre fournis. Les cookies strictement n\u00e9cessaires utilis\u00e9s sur ce site incluent :<br \/>&#8211; <span style=\"text-decoration: underline;\">Elementor<\/span> (elementor) : Permet au propri\u00e9taire du site de modifier ou d\u2019impl\u00e9menter le contenu en temps r\u00e9el.<br \/>&#8211; <span style=\"text-decoration: underline;\">WordPress<\/span> (wpEmojiSettingsSupports) : Assure le support des emojis sur le site.<br \/>&#8211; <span style=\"text-decoration: underline;\">Google reCAPTCHA<\/span> (rc::a, rc::c) : Utilis\u00e9s pour distinguer les humains des robots afin de prot\u00e9ger le site contre les abus.<\/p><p><strong style=\"color: #e00921;\">Cookies analytiques<\/strong> :<br \/>Ces cookies collectent des informations sur la mani\u00e8re dont les visiteurs utilisent le site web, permettant ainsi de mesurer et d\u2019am\u00e9liorer la performance du site. Les cookies analytiques utilis\u00e9s incluent :<\/p><p>&#8211; <span style=\"text-decoration: underline;\">Google Analytics<\/span> (_ga_*, _ga) : Utilis\u00e9s par Google Analytics pour distinguer les utilisateurs et collecter des donn\u00e9es de visite anonymes.<\/p><p><strong style=\"color: #e00921;\">Cookies publicitaires :<\/strong><br \/>Notre site web n&rsquo;utilise pas de cookie publicitaire.<\/p>\t\t\t\t\t\t\t\t<\/div>\n\t\t\t\t<\/div>\n\t\t<div class=\"elementor-element elementor-element-5555d0a e-con-full e-flex e-con e-child\" data-id=\"5555d0a\" data-element_type=\"container\" data-e-type=\"container\">\n\t\t\t\t<div class=\"elementor-element elementor-element-b2d2b9e elementor-widget-tablet_extra__width-inherit elementor-widget elementor-widget-heading\" data-id=\"b2d2b9e\" data-element_type=\"widget\" data-e-type=\"widget\" data-widget_type=\"heading.default\">\n\t\t\t\t\t<h2 class=\"elementor-heading-title elementor-size-default\">Gestion des cookies<\/h2>\t\t\t\t<\/div>\n\t\t\t\t<div class=\"elementor-element elementor-element-2cc96a3 elementor-widget elementor-widget-text-editor\" data-id=\"2cc96a3\" data-element_type=\"widget\" data-e-type=\"widget\" data-widget_type=\"text-editor.default\">\n\t\t\t\t\t\t\t\t\t<p>Vous pouvez configurer votre navigateur pour accepter ou refuser les cookies ou pour \u00eatre inform\u00e9 lorsque des cookies sont envoy\u00e9s. Toutefois, le refus des cookies peut limiter certaines fonctionnalit\u00e9s du site.<\/p>\t\t\t\t\t\t\t\t<\/div>\n\t\t\t\t<\/div>\n\t\t<div class=\"elementor-element elementor-element-95d052f e-con-full e-flex e-con e-child\" data-id=\"95d052f\" data-element_type=\"container\" data-e-type=\"container\">\n\t\t\t\t<div class=\"elementor-element elementor-element-ae62240 elementor-widget-tablet_extra__width-inherit elementor-widget elementor-widget-heading\" data-id=\"ae62240\" data-element_type=\"widget\" data-e-type=\"widget\" data-widget_type=\"heading.default\">\n\t\t\t\t\t<h2 class=\"elementor-heading-title elementor-size-default\">Modifications<\/h2>\t\t\t\t<\/div>\n\t\t\t\t<div class=\"elementor-element elementor-element-a1774ee elementor-widget elementor-widget-text-editor\" data-id=\"a1774ee\" data-element_type=\"widget\" data-e-type=\"widget\" data-widget_type=\"text-editor.default\">\n\t\t\t\t\t\t\t\t\t<p>Nous nous r\u00e9servons le droit de modifier cette politique \u00e0 tout moment. Les modifications seront publi\u00e9es sur cette page.<\/p>\t\t\t\t\t\t\t\t<\/div>\n\t\t\t\t<\/div>\n\t\t\t\t<div class=\"elementor-element elementor-element-f6bf8ad elementor-widget elementor-widget-heading\" data-id=\"f6bf8ad\" data-element_type=\"widget\" data-e-type=\"widget\" data-widget_type=\"heading.default\">\n\t\t\t\t\t<p class=\"elementor-heading-title elementor-size-default\">Politique relative aux cookies mise \u00e0 jour le 10 janvier 2025<\/p>\t\t\t\t<\/div>\n\t\t\t\t\t<\/div>\n\t\t\t\t<\/div>\n\t\t\t\t<\/div>\n\t\t","protected":false},"excerpt":{"rendered":"<p>Politique relative aux cookies Un cookie est un petit fichier texte stock\u00e9 sur le navigateur ou le disque dur de votre ordinateur ou appareil mobile lorsque vous visitez un site web. Les cookies sont largement utilis\u00e9s pour am\u00e9liorer la fonctionnalit\u00e9, la performance et l\u2019exp\u00e9rience utilisateur des sites web. Le site web de Ski Sharp Edge [&hellip;]<\/p>\n","protected":false},"author":1,"featured_media":0,"parent":0,"menu_order":4,"comment_status":"closed","ping_status":"closed","template":"","meta":{"_acf_changed":false,"footnotes":""},"class_list":["post-1024","page","type-page","status-publish","hentry"],"acf":[],"yoast_head":"<!-- This site is optimized with the Yoast SEO plugin v27.1.1 - https:\/\/yoast.com\/product\/yoast-seo-wordpress\/ -->\n<title>Politique relative aux cookies | Ski Sharp Edge<\/title>\n<meta name=\"robots\" content=\"index, follow, max-snippet:-1, max-image-preview:large, max-video-preview:-1\" \/>\n<link rel=\"canonical\" href=\"https:\/\/www.skisharpedge.com\/fr\/politique-cookies\/\" \/>\n<meta property=\"og:locale\" content=\"fr_FR\" \/>\n<meta property=\"og:type\" content=\"article\" \/>\n<meta property=\"og:title\" content=\"Politique relative aux cookies | Ski Sharp Edge\" \/>\n<meta property=\"og:description\" content=\"Politique relative aux cookies Un cookie est un petit fichier texte stock\u00e9 sur le navigateur ou le disque dur de votre ordinateur ou appareil mobile lorsque vous visitez un site web. Les cookies sont largement utilis\u00e9s pour am\u00e9liorer la fonctionnalit\u00e9, la performance et l\u2019exp\u00e9rience utilisateur des sites web. Le site web de Ski Sharp Edge [&hellip;]\" \/>\n<meta property=\"og:url\" content=\"https:\/\/www.skisharpedge.com\/fr\/politique-cookies\/\" \/>\n<meta property=\"og:site_name\" content=\"Ski Sharp Edge\" \/>\n<meta property=\"article:modified_time\" content=\"2025-01-10T10:08:03+00:00\" \/>\n<meta name=\"twitter:card\" content=\"summary_large_image\" \/>\n<meta name=\"twitter:label1\" content=\"Dur\u00e9e de lecture estim\u00e9e\" \/>\n\t<meta name=\"twitter:data1\" content=\"2 minutes\" \/>\n<script type=\"application\/ld+json\" class=\"yoast-schema-graph\">{\"@context\":\"https:\/\/schema.org\",\"@graph\":[{\"@type\":\"WebPage\",\"@id\":\"https:\/\/www.skisharpedge.com\/fr\/politique-cookies\/\",\"url\":\"https:\/\/www.skisharpedge.com\/fr\/politique-cookies\/\",\"name\":\"Politique relative aux cookies | Ski Sharp Edge\",\"isPartOf\":{\"@id\":\"https:\/\/www.skisharpedge.com\/fr\/#website\"},\"datePublished\":\"2024-11-27T14:48:04+00:00\",\"dateModified\":\"2025-01-10T10:08:03+00:00\",\"breadcrumb\":{\"@id\":\"https:\/\/www.skisharpedge.com\/fr\/politique-cookies\/#breadcrumb\"},\"inLanguage\":\"fr-FR\",\"potentialAction\":[{\"@type\":\"ReadAction\",\"target\":[\"https:\/\/www.skisharpedge.com\/fr\/politique-cookies\/\"]}]},{\"@type\":\"BreadcrumbList\",\"@id\":\"https:\/\/www.skisharpedge.com\/fr\/politique-cookies\/#breadcrumb\",\"itemListElement\":[{\"@type\":\"ListItem\",\"position\":1,\"name\":\"Home\",\"item\":\"https:\/\/www.skisharpedge.com\/fr\/\"},{\"@type\":\"ListItem\",\"position\":2,\"name\":\"Politique relative aux cookies\"}]},{\"@type\":\"WebSite\",\"@id\":\"https:\/\/www.skisharpedge.com\/fr\/#website\",\"url\":\"https:\/\/www.skisharpedge.com\/fr\/\",\"name\":\"Ski Sharp Edge\",\"description\":\"\",\"publisher\":{\"@id\":\"https:\/\/www.skisharpedge.com\/fr\/#organization\"},\"potentialAction\":[{\"@type\":\"SearchAction\",\"target\":{\"@type\":\"EntryPoint\",\"urlTemplate\":\"https:\/\/www.skisharpedge.com\/fr\/?s={search_term_string}\"},\"query-input\":{\"@type\":\"PropertyValueSpecification\",\"valueRequired\":true,\"valueName\":\"search_term_string\"}}],\"inLanguage\":\"fr-FR\"},{\"@type\":\"Organization\",\"@id\":\"https:\/\/www.skisharpedge.com\/fr\/#organization\",\"name\":\"Ski Sharp Edge\",\"url\":\"https:\/\/www.skisharpedge.com\/fr\/\",\"logo\":{\"@type\":\"ImageObject\",\"inLanguage\":\"fr-FR\",\"@id\":\"https:\/\/www.skisharpedge.com\/fr\/#\/schema\/logo\/image\/\",\"url\":\"https:\/\/www.skisharpedge.com\/wp-content\/uploads\/logo-ski-sharp-edge.svg\",\"contentUrl\":\"https:\/\/www.skisharpedge.com\/wp-content\/uploads\/logo-ski-sharp-edge.svg\",\"width\":163,\"height\":97,\"caption\":\"Ski Sharp Edge\"},\"image\":{\"@id\":\"https:\/\/www.skisharpedge.com\/fr\/#\/schema\/logo\/image\/\"}}]}<\/script>\n<!-- \/ Yoast SEO plugin. -->","yoast_head_json":{"title":"Politique relative aux cookies | Ski Sharp Edge","robots":{"index":"index","follow":"follow","max-snippet":"max-snippet:-1","max-image-preview":"max-image-preview:large","max-video-preview":"max-video-preview:-1"},"canonical":"https:\/\/www.skisharpedge.com\/fr\/politique-cookies\/","og_locale":"fr_FR","og_type":"article","og_title":"Politique relative aux cookies | Ski Sharp Edge","og_description":"Politique relative aux cookies Un cookie est un petit fichier texte stock\u00e9 sur le navigateur ou le disque dur de votre ordinateur ou appareil mobile lorsque vous visitez un site web. Les cookies sont largement utilis\u00e9s pour am\u00e9liorer la fonctionnalit\u00e9, la performance et l\u2019exp\u00e9rience utilisateur des sites web. Le site web de Ski Sharp Edge [&hellip;]","og_url":"https:\/\/www.skisharpedge.com\/fr\/politique-cookies\/","og_site_name":"Ski Sharp Edge","article_modified_time":"2025-01-10T10:08:03+00:00","twitter_card":"summary_large_image","twitter_misc":{"Dur\u00e9e de lecture estim\u00e9e":"2 minutes"},"schema":{"@context":"https:\/\/schema.org","@graph":[{"@type":"WebPage","@id":"https:\/\/www.skisharpedge.com\/fr\/politique-cookies\/","url":"https:\/\/www.skisharpedge.com\/fr\/politique-cookies\/","name":"Politique relative aux cookies | Ski Sharp Edge","isPartOf":{"@id":"https:\/\/www.skisharpedge.com\/fr\/#website"},"datePublished":"2024-11-27T14:48:04+00:00","dateModified":"2025-01-10T10:08:03+00:00","breadcrumb":{"@id":"https:\/\/www.skisharpedge.com\/fr\/politique-cookies\/#breadcrumb"},"inLanguage":"fr-FR","potentialAction":[{"@type":"ReadAction","target":["https:\/\/www.skisharpedge.com\/fr\/politique-cookies\/"]}]},{"@type":"BreadcrumbList","@id":"https:\/\/www.skisharpedge.com\/fr\/politique-cookies\/#breadcrumb","itemListElement":[{"@type":"ListItem","position":1,"name":"Home","item":"https:\/\/www.skisharpedge.com\/fr\/"},{"@type":"ListItem","position":2,"name":"Politique relative aux cookies"}]},{"@type":"WebSite","@id":"https:\/\/www.skisharpedge.com\/fr\/#website","url":"https:\/\/www.skisharpedge.com\/fr\/","name":"Ski Sharp Edge","description":"","publisher":{"@id":"https:\/\/www.skisharpedge.com\/fr\/#organization"},"potentialAction":[{"@type":"SearchAction","target":{"@type":"EntryPoint","urlTemplate":"https:\/\/www.skisharpedge.com\/fr\/?s={search_term_string}"},"query-input":{"@type":"PropertyValueSpecification","valueRequired":true,"valueName":"search_term_string"}}],"inLanguage":"fr-FR"},{"@type":"Organization","@id":"https:\/\/www.skisharpedge.com\/fr\/#organization","name":"Ski Sharp Edge","url":"https:\/\/www.skisharpedge.com\/fr\/","logo":{"@type":"ImageObject","inLanguage":"fr-FR","@id":"https:\/\/www.skisharpedge.com\/fr\/#\/schema\/logo\/image\/","url":"https:\/\/www.skisharpedge.com\/wp-content\/uploads\/logo-ski-sharp-edge.svg","contentUrl":"https:\/\/www.skisharpedge.com\/wp-content\/uploads\/logo-ski-sharp-edge.svg","width":163,"height":97,"caption":"Ski Sharp Edge"},"image":{"@id":"https:\/\/www.skisharpedge.com\/fr\/#\/schema\/logo\/image\/"}}]}},"_links":{"self":[{"href":"https:\/\/www.skisharpedge.com\/fr\/wp-json\/wp\/v2\/pages\/1024","targetHints":{"allow":["GET"]}}],"collection":[{"href":"https:\/\/www.skisharpedge.com\/fr\/wp-json\/wp\/v2\/pages"}],"about":[{"href":"https:\/\/www.skisharpedge.com\/fr\/wp-json\/wp\/v2\/types\/page"}],"author":[{"embeddable":true,"href":"https:\/\/www.skisharpedge.com\/fr\/wp-json\/wp\/v2\/users\/1"}],"replies":[{"embeddable":true,"href":"https:\/\/www.skisharpedge.com\/fr\/wp-json\/wp\/v2\/comments?post=1024"}],"version-history":[{"count":16,"href":"https:\/\/www.skisharpedge.com\/fr\/wp-json\/wp\/v2\/pages\/1024\/revisions"}],"predecessor-version":[{"id":1344,"href":"https:\/\/www.skisharpedge.com\/fr\/wp-json\/wp\/v2\/pages\/1024\/revisions\/1344"}],"wp:attachment":[{"href":"https:\/\/www.skisharpedge.com\/fr\/wp-json\/wp\/v2\/media?parent=1024"}],"curies":[{"name":"wp","href":"https:\/\/api.w.org\/{rel}","templated":true}]}}