{"id":1302,"date":"2024-08-20T08:09:59","date_gmt":"2024-08-20T06:09:59","guid":{"rendered":"https:\/\/www.skisharpedge.com\/datenschutzrichtlinie\/"},"modified":"2025-01-10T09:53:03","modified_gmt":"2025-01-10T08:53:03","slug":"datenschutzrichtlinie","status":"publish","type":"page","link":"https:\/\/www.skisharpedge.com\/de\/datenschutzrichtlinie\/","title":{"rendered":"Datenschutzrichtlinie"},"content":{"rendered":"\t\t<div data-elementor-type=\"wp-page\" data-elementor-id=\"1302\" class=\"elementor elementor-1302 elementor-3\" data-elementor-post-type=\"page\">\n\t\t\t\t<div class=\"elementor-element elementor-element-065d6b6 e-flex e-con-boxed e-con e-parent\" data-id=\"065d6b6\" data-element_type=\"container\" data-e-type=\"container\">\n\t\t\t\t\t<div class=\"e-con-inner\">\n\t\t\t\t<div class=\"elementor-element elementor-element-af64898 elementor-widget elementor-widget-heading\" data-id=\"af64898\" data-element_type=\"widget\" data-e-type=\"widget\" data-widget_type=\"heading.default\">\n\t\t\t\t\t<h1 class=\"elementor-heading-title elementor-size-default\">Datenschutzrichtlinie<\/h1>\t\t\t\t<\/div>\n\t\t<div class=\"elementor-element elementor-element-9fb4906 e-con-full e-flex e-con e-child\" data-id=\"9fb4906\" data-element_type=\"container\" data-e-type=\"container\">\n\t\t\t\t<div class=\"elementor-element elementor-element-b30a067 elementor-widget elementor-widget-text-editor\" data-id=\"b30a067\" data-element_type=\"widget\" data-e-type=\"widget\" data-widget_type=\"text-editor.default\">\n\t\t\t\t\t\t\t\t\t<p>hre Privatsph\u00e4re ist uns wichtig. Diese Datenschutzrichtlinie erkl\u00e4rt, wie <span class=\"kx-display-field\">Les \u00e9quipements Ski Sharp Edge Inc.<\/span> personenbezogene Daten sammelt, verwendet, weitergibt und sch\u00fctzt, die Sie uns bei der Nutzung unserer Website Ski Sharp Edge unter www.skisharpedge.com zur Verf\u00fcgung stellen. <\/p>\n\t\t\t\t\t\t\t\t<\/div>\n\t\t\t\t<\/div>\n\t\t<div class=\"elementor-element elementor-element-646d258 e-con-full e-flex e-con e-child\" data-id=\"646d258\" data-element_type=\"container\" data-e-type=\"container\">\n\t\t\t\t<div class=\"elementor-element elementor-element-cf05583 elementor-widget-tablet_extra__width-inherit elementor-widget elementor-widget-heading\" data-id=\"cf05583\" data-element_type=\"widget\" data-e-type=\"widget\" data-widget_type=\"heading.default\">\n\t\t\t\t\t<h2 class=\"elementor-heading-title elementor-size-default\">Erhebung personenbezogener Daten<\/h2>\t\t\t\t<\/div>\n\t\t\t\t<div class=\"elementor-element elementor-element-3663dd3 elementor-widget elementor-widget-text-editor\" data-id=\"3663dd3\" data-element_type=\"widget\" data-e-type=\"widget\" data-widget_type=\"text-editor.default\">\n\t\t\t\t\t\t\t\t\t<p>Wir erfassen personenbezogene Daten, wenn Sie mit unserer Website interagieren, beispielsweise wenn Sie:<br \/>&#8211; Unser Kontaktformular ausf\u00fcllen<br \/>&#8211; Uns per E-Mail kontaktieren<\/p>\n<p>Die Arten von Informationen, die wir erfassen, k\u00f6nnen Ihren Namen, Vornamen, Ihre E-Mail-Adresse, Postanschrift, Telefonnummer und andere relevante Informationen umfassen.<\/p>\n\t\t\t\t\t\t\t\t<\/div>\n\t\t\t\t<\/div>\n\t\t<div class=\"elementor-element elementor-element-c4874a7 e-con-full e-flex e-con e-child\" data-id=\"c4874a7\" data-element_type=\"container\" data-e-type=\"container\">\n\t\t\t\t<div class=\"elementor-element elementor-element-67eb812 elementor-widget-tablet_extra__width-inherit elementor-widget elementor-widget-heading\" data-id=\"67eb812\" data-element_type=\"widget\" data-e-type=\"widget\" data-widget_type=\"heading.default\">\n\t\t\t\t\t<h2 class=\"elementor-heading-title elementor-size-default\">Verwendung der Informationen<\/h2>\t\t\t\t<\/div>\n\t\t\t\t<div class=\"elementor-element elementor-element-700889a elementor-widget elementor-widget-text-editor\" data-id=\"700889a\" data-element_type=\"widget\" data-e-type=\"widget\" data-widget_type=\"text-editor.default\">\n\t\t\t\t\t\t\t\t\t<p>Die gesammelten Informationen werden verwendet, um:<br \/>&#8211; Ihre Bestellungen zu bearbeiten<br \/>&#8211; Auf Ihre Anfragen zu antworten<\/p>\n\t\t\t\t\t\t\t\t<\/div>\n\t\t\t\t<\/div>\n\t\t<div class=\"elementor-element elementor-element-2f97367 e-con-full e-flex e-con e-child\" data-id=\"2f97367\" data-element_type=\"container\" data-e-type=\"container\">\n\t\t\t\t<div class=\"elementor-element elementor-element-54a9541 elementor-widget-tablet_extra__width-inherit elementor-widget elementor-widget-heading\" data-id=\"54a9541\" data-element_type=\"widget\" data-e-type=\"widget\" data-widget_type=\"heading.default\">\n\t\t\t\t\t<h2 class=\"elementor-heading-title elementor-size-default\">Informationsaustausch<\/h2>\t\t\t\t<\/div>\n\t\t\t\t<div class=\"elementor-element elementor-element-d6fe3f5 elementor-widget elementor-widget-text-editor\" data-id=\"d6fe3f5\" data-element_type=\"widget\" data-e-type=\"widget\" data-widget_type=\"text-editor.default\">\n\t\t\t\t\t\t\t\t\t<p>Wir geben Ihre personenbezogenen Daten nur in folgenden Situationen an Dritte weiter:<br \/>&#8211; Mit dem Dienstleister <a href=\"https:\/\/www.alpixi.com\/\" target=\"_blank\" rel=\"noopener\">Alpixi<\/a>, der uns bei der Verwaltung der Website unterst\u00fctzt<br \/>&#8211; Wenn dies gesetzlich vorgeschrieben ist (z. B. rechtliche Verpflichtung)<br \/>&#8211; Zum Schutz unserer Rechte oder zur Verhinderung von Betrug<\/p>\n\t\t\t\t\t\t\t\t<\/div>\n\t\t\t\t<\/div>\n\t\t<div class=\"elementor-element elementor-element-7f415df e-con-full e-flex e-con e-child\" data-id=\"7f415df\" data-element_type=\"container\" data-e-type=\"container\">\n\t\t\t\t<div class=\"elementor-element elementor-element-f57292b elementor-widget-tablet_extra__width-inherit elementor-widget elementor-widget-heading\" data-id=\"f57292b\" data-element_type=\"widget\" data-e-type=\"widget\" data-widget_type=\"heading.default\">\n\t\t\t\t\t<h2 class=\"elementor-heading-title elementor-size-default\">Datensicherheit<\/h2>\t\t\t\t<\/div>\n\t\t\t\t<div class=\"elementor-element elementor-element-cf30928 elementor-widget elementor-widget-text-editor\" data-id=\"cf30928\" data-element_type=\"widget\" data-e-type=\"widget\" data-widget_type=\"text-editor.default\">\n\t\t\t\t\t\t\t\t\t<p>Wir ergreifen angemessene Sicherheitsma\u00dfnahmen, um Ihre personenbezogenen Daten vor Verlust, Missbrauch oder unbefugtem Zugriff zu sch\u00fctzen.<\/p>\n\t\t\t\t\t\t\t\t<\/div>\n\t\t\t\t<\/div>\n\t\t<div class=\"elementor-element elementor-element-b31e3b1 e-con-full e-flex e-con e-child\" data-id=\"b31e3b1\" data-element_type=\"container\" data-e-type=\"container\">\n\t\t\t\t<div class=\"elementor-element elementor-element-15bf86d elementor-widget-tablet_extra__width-inherit elementor-widget elementor-widget-heading\" data-id=\"15bf86d\" data-element_type=\"widget\" data-e-type=\"widget\" data-widget_type=\"heading.default\">\n\t\t\t\t\t<h2 class=\"elementor-heading-title elementor-size-default\">Ihre Rechte<\/h2>\t\t\t\t<\/div>\n\t\t\t\t<div class=\"elementor-element elementor-element-a031cc0 elementor-widget elementor-widget-text-editor\" data-id=\"a031cc0\" data-element_type=\"widget\" data-e-type=\"widget\" data-widget_type=\"text-editor.default\">\n\t\t\t\t\t\t\t\t\t<p>Sie haben das Recht:<br \/>&#8211; Auf Ihre personenbezogenen Daten zuzugreifen<br \/>&#8211; Die Berichtigung Ihrer Informationen zu verlangen<br \/>&#8211; Die L\u00f6schung Ihrer Daten zu verlangen<br \/>&#8211; Der Nutzung Ihrer Daten zu widersprechen<\/p>\n<p>F\u00fcr Anfragen kontaktieren Sie uns unter: rj@skisharpedge.com.<\/p>\n\t\t\t\t\t\t\t\t<\/div>\n\t\t\t\t<\/div>\n\t\t<div class=\"elementor-element elementor-element-b987d61 e-con-full e-flex e-con e-child\" data-id=\"b987d61\" data-element_type=\"container\" data-e-type=\"container\">\n\t\t\t\t<div class=\"elementor-element elementor-element-5b29b08 elementor-widget-tablet_extra__width-inherit elementor-widget elementor-widget-heading\" data-id=\"5b29b08\" data-element_type=\"widget\" data-e-type=\"widget\" data-widget_type=\"heading.default\">\n\t\t\t\t\t<h2 class=\"elementor-heading-title elementor-size-default\">\u00c4nderungen der Datenschutzrichtlinie<\/h2>\t\t\t\t<\/div>\n\t\t\t\t<div class=\"elementor-element elementor-element-bf1af6b elementor-widget elementor-widget-text-editor\" data-id=\"bf1af6b\" data-element_type=\"widget\" data-e-type=\"widget\" data-widget_type=\"text-editor.default\">\n\t\t\t\t\t\t\t\t\t<p>Wir k\u00f6nnen diese Richtlinie von Zeit zu Zeit aktualisieren. Alle \u00c4nderungen werden auf dieser Seite mit dem Datum der Aktualisierung ver\u00f6ffentlicht. <\/p>\n\t\t\t\t\t\t\t\t<\/div>\n\t\t\t\t<\/div>\n\t\t\t\t<div class=\"elementor-element elementor-element-06d4fb6 elementor-widget elementor-widget-heading\" data-id=\"06d4fb6\" data-element_type=\"widget\" data-e-type=\"widget\" data-widget_type=\"heading.default\">\n\t\t\t\t\t<p class=\"elementor-heading-title elementor-size-default\">Datenschutzrichtlinie zuletzt aktualisiert am 10 Januar 2025<\/p>\t\t\t\t<\/div>\n\t\t\t\t\t<\/div>\n\t\t\t\t<\/div>\n\t\t\t\t<\/div>\n\t\t","protected":false},"excerpt":{"rendered":"<p>Datenschutzrichtlinie hre Privatsph\u00e4re ist uns wichtig. Diese Datenschutzrichtlinie erkl\u00e4rt, wie Les \u00e9quipements Ski Sharp Edge Inc. personenbezogene Daten sammelt, verwendet, weitergibt und sch\u00fctzt, die Sie uns bei der Nutzung unserer Website Ski Sharp Edge unter www.skisharpedge.com zur Verf\u00fcgung stellen. Erhebung personenbezogener Daten Wir erfassen personenbezogene Daten, wenn Sie mit unserer Website interagieren, beispielsweise wenn Sie:&#8211; [&hellip;]<\/p>\n","protected":false},"author":1,"featured_media":0,"parent":0,"menu_order":3,"comment_status":"closed","ping_status":"closed","template":"elementor_header_footer","meta":{"_acf_changed":false,"footnotes":""},"class_list":["post-1302","page","type-page","status-publish","hentry"],"acf":[],"yoast_head":"<!-- This site is optimized with the Yoast SEO plugin v27.1.1 - https:\/\/yoast.com\/product\/yoast-seo-wordpress\/ -->\n<title>Datenschutzrichtlinie | Ski Sharp Edge<\/title>\n<meta name=\"robots\" content=\"index, follow, max-snippet:-1, max-image-preview:large, max-video-preview:-1\" \/>\n<link rel=\"canonical\" href=\"https:\/\/www.skisharpedge.com\/de\/datenschutzrichtlinie\/\" \/>\n<meta property=\"og:locale\" content=\"de_DE\" \/>\n<meta property=\"og:type\" content=\"article\" \/>\n<meta property=\"og:title\" content=\"Datenschutzrichtlinie | Ski Sharp Edge\" \/>\n<meta property=\"og:description\" content=\"Datenschutzrichtlinie hre Privatsph\u00e4re ist uns wichtig. Diese Datenschutzrichtlinie erkl\u00e4rt, wie Les \u00e9quipements Ski Sharp Edge Inc. personenbezogene Daten sammelt, verwendet, weitergibt und sch\u00fctzt, die Sie uns bei der Nutzung unserer Website Ski Sharp Edge unter www.skisharpedge.com zur Verf\u00fcgung stellen. Erhebung personenbezogener Daten Wir erfassen personenbezogene Daten, wenn Sie mit unserer Website interagieren, beispielsweise wenn Sie:&#8211; [&hellip;]\" \/>\n<meta property=\"og:url\" content=\"https:\/\/www.skisharpedge.com\/de\/datenschutzrichtlinie\/\" \/>\n<meta property=\"og:site_name\" content=\"Ski Sharp Edge\" \/>\n<meta property=\"article:modified_time\" content=\"2025-01-10T08:53:03+00:00\" \/>\n<meta name=\"twitter:card\" content=\"summary_large_image\" \/>\n<meta name=\"twitter:label1\" content=\"Gesch\u00e4tzte Lesezeit\" \/>\n\t<meta name=\"twitter:data1\" content=\"1\u00a0Minute\" \/>\n<script type=\"application\/ld+json\" class=\"yoast-schema-graph\">{\"@context\":\"https:\/\/schema.org\",\"@graph\":[{\"@type\":\"WebPage\",\"@id\":\"https:\/\/www.skisharpedge.com\/de\/datenschutzrichtlinie\/\",\"url\":\"https:\/\/www.skisharpedge.com\/de\/datenschutzrichtlinie\/\",\"name\":\"Datenschutzrichtlinie | Ski Sharp Edge\",\"isPartOf\":{\"@id\":\"https:\/\/www.skisharpedge.com\/fr\/#website\"},\"datePublished\":\"2024-08-20T06:09:59+00:00\",\"dateModified\":\"2025-01-10T08:53:03+00:00\",\"breadcrumb\":{\"@id\":\"https:\/\/www.skisharpedge.com\/de\/datenschutzrichtlinie\/#breadcrumb\"},\"inLanguage\":\"de\",\"potentialAction\":[{\"@type\":\"ReadAction\",\"target\":[\"https:\/\/www.skisharpedge.com\/de\/datenschutzrichtlinie\/\"]}]},{\"@type\":\"BreadcrumbList\",\"@id\":\"https:\/\/www.skisharpedge.com\/de\/datenschutzrichtlinie\/#breadcrumb\",\"itemListElement\":[{\"@type\":\"ListItem\",\"position\":1,\"name\":\"Home\",\"item\":\"https:\/\/www.skisharpedge.com\/de\/startseite\/\"},{\"@type\":\"ListItem\",\"position\":2,\"name\":\"Datenschutzrichtlinie\"}]},{\"@type\":\"WebSite\",\"@id\":\"https:\/\/www.skisharpedge.com\/fr\/#website\",\"url\":\"https:\/\/www.skisharpedge.com\/fr\/\",\"name\":\"Ski Sharp Edge\",\"description\":\"\",\"publisher\":{\"@id\":\"https:\/\/www.skisharpedge.com\/fr\/#organization\"},\"potentialAction\":[{\"@type\":\"SearchAction\",\"target\":{\"@type\":\"EntryPoint\",\"urlTemplate\":\"https:\/\/www.skisharpedge.com\/fr\/?s={search_term_string}\"},\"query-input\":{\"@type\":\"PropertyValueSpecification\",\"valueRequired\":true,\"valueName\":\"search_term_string\"}}],\"inLanguage\":\"de\"},{\"@type\":\"Organization\",\"@id\":\"https:\/\/www.skisharpedge.com\/fr\/#organization\",\"name\":\"Ski Sharp Edge\",\"url\":\"https:\/\/www.skisharpedge.com\/fr\/\",\"logo\":{\"@type\":\"ImageObject\",\"inLanguage\":\"de\",\"@id\":\"https:\/\/www.skisharpedge.com\/fr\/#\/schema\/logo\/image\/\",\"url\":\"https:\/\/www.skisharpedge.com\/wp-content\/uploads\/logo-ski-sharp-edge.svg\",\"contentUrl\":\"https:\/\/www.skisharpedge.com\/wp-content\/uploads\/logo-ski-sharp-edge.svg\",\"width\":163,\"height\":97,\"caption\":\"Ski Sharp Edge\"},\"image\":{\"@id\":\"https:\/\/www.skisharpedge.com\/fr\/#\/schema\/logo\/image\/\"}}]}<\/script>\n<!-- \/ Yoast SEO plugin. -->","yoast_head_json":{"title":"Datenschutzrichtlinie | Ski Sharp Edge","robots":{"index":"index","follow":"follow","max-snippet":"max-snippet:-1","max-image-preview":"max-image-preview:large","max-video-preview":"max-video-preview:-1"},"canonical":"https:\/\/www.skisharpedge.com\/de\/datenschutzrichtlinie\/","og_locale":"de_DE","og_type":"article","og_title":"Datenschutzrichtlinie | Ski Sharp Edge","og_description":"Datenschutzrichtlinie hre Privatsph\u00e4re ist uns wichtig. Diese Datenschutzrichtlinie erkl\u00e4rt, wie Les \u00e9quipements Ski Sharp Edge Inc. personenbezogene Daten sammelt, verwendet, weitergibt und sch\u00fctzt, die Sie uns bei der Nutzung unserer Website Ski Sharp Edge unter www.skisharpedge.com zur Verf\u00fcgung stellen. Erhebung personenbezogener Daten Wir erfassen personenbezogene Daten, wenn Sie mit unserer Website interagieren, beispielsweise wenn Sie:&#8211; [&hellip;]","og_url":"https:\/\/www.skisharpedge.com\/de\/datenschutzrichtlinie\/","og_site_name":"Ski Sharp Edge","article_modified_time":"2025-01-10T08:53:03+00:00","twitter_card":"summary_large_image","twitter_misc":{"Gesch\u00e4tzte Lesezeit":"1\u00a0Minute"},"schema":{"@context":"https:\/\/schema.org","@graph":[{"@type":"WebPage","@id":"https:\/\/www.skisharpedge.com\/de\/datenschutzrichtlinie\/","url":"https:\/\/www.skisharpedge.com\/de\/datenschutzrichtlinie\/","name":"Datenschutzrichtlinie | Ski Sharp Edge","isPartOf":{"@id":"https:\/\/www.skisharpedge.com\/fr\/#website"},"datePublished":"2024-08-20T06:09:59+00:00","dateModified":"2025-01-10T08:53:03+00:00","breadcrumb":{"@id":"https:\/\/www.skisharpedge.com\/de\/datenschutzrichtlinie\/#breadcrumb"},"inLanguage":"de","potentialAction":[{"@type":"ReadAction","target":["https:\/\/www.skisharpedge.com\/de\/datenschutzrichtlinie\/"]}]},{"@type":"BreadcrumbList","@id":"https:\/\/www.skisharpedge.com\/de\/datenschutzrichtlinie\/#breadcrumb","itemListElement":[{"@type":"ListItem","position":1,"name":"Home","item":"https:\/\/www.skisharpedge.com\/de\/startseite\/"},{"@type":"ListItem","position":2,"name":"Datenschutzrichtlinie"}]},{"@type":"WebSite","@id":"https:\/\/www.skisharpedge.com\/fr\/#website","url":"https:\/\/www.skisharpedge.com\/fr\/","name":"Ski Sharp Edge","description":"","publisher":{"@id":"https:\/\/www.skisharpedge.com\/fr\/#organization"},"potentialAction":[{"@type":"SearchAction","target":{"@type":"EntryPoint","urlTemplate":"https:\/\/www.skisharpedge.com\/fr\/?s={search_term_string}"},"query-input":{"@type":"PropertyValueSpecification","valueRequired":true,"valueName":"search_term_string"}}],"inLanguage":"de"},{"@type":"Organization","@id":"https:\/\/www.skisharpedge.com\/fr\/#organization","name":"Ski Sharp Edge","url":"https:\/\/www.skisharpedge.com\/fr\/","logo":{"@type":"ImageObject","inLanguage":"de","@id":"https:\/\/www.skisharpedge.com\/fr\/#\/schema\/logo\/image\/","url":"https:\/\/www.skisharpedge.com\/wp-content\/uploads\/logo-ski-sharp-edge.svg","contentUrl":"https:\/\/www.skisharpedge.com\/wp-content\/uploads\/logo-ski-sharp-edge.svg","width":163,"height":97,"caption":"Ski Sharp Edge"},"image":{"@id":"https:\/\/www.skisharpedge.com\/fr\/#\/schema\/logo\/image\/"}}]}},"_links":{"self":[{"href":"https:\/\/www.skisharpedge.com\/de\/wp-json\/wp\/v2\/pages\/1302","targetHints":{"allow":["GET"]}}],"collection":[{"href":"https:\/\/www.skisharpedge.com\/de\/wp-json\/wp\/v2\/pages"}],"about":[{"href":"https:\/\/www.skisharpedge.com\/de\/wp-json\/wp\/v2\/types\/page"}],"author":[{"embeddable":true,"href":"https:\/\/www.skisharpedge.com\/de\/wp-json\/wp\/v2\/users\/1"}],"replies":[{"embeddable":true,"href":"https:\/\/www.skisharpedge.com\/de\/wp-json\/wp\/v2\/comments?post=1302"}],"version-history":[{"count":3,"href":"https:\/\/www.skisharpedge.com\/de\/wp-json\/wp\/v2\/pages\/1302\/revisions"}],"predecessor-version":[{"id":1305,"href":"https:\/\/www.skisharpedge.com\/de\/wp-json\/wp\/v2\/pages\/1302\/revisions\/1305"}],"wp:attachment":[{"href":"https:\/\/www.skisharpedge.com\/de\/wp-json\/wp\/v2\/media?parent=1302"}],"curies":[{"name":"wp","href":"https:\/\/api.w.org\/{rel}","templated":true}]}}