{"id":1290,"date":"2024-11-27T15:48:04","date_gmt":"2024-11-27T14:48:04","guid":{"rendered":"https:\/\/www.skisharpedge.com\/cookie-richtlinie\/"},"modified":"2025-01-10T11:16:15","modified_gmt":"2025-01-10T10:16:15","slug":"cookie-richtlinie","status":"publish","type":"page","link":"https:\/\/www.skisharpedge.com\/de\/cookie-richtlinie\/","title":{"rendered":"Cookie-Richtlinie"},"content":{"rendered":"\t\t<div data-elementor-type=\"wp-page\" data-elementor-id=\"1290\" class=\"elementor elementor-1290 elementor-1024\" data-elementor-post-type=\"page\">\n\t\t\t\t<div class=\"elementor-element elementor-element-a64c9f3 e-flex e-con-boxed e-con e-parent\" data-id=\"a64c9f3\" data-element_type=\"container\" data-e-type=\"container\">\n\t\t\t\t\t<div class=\"e-con-inner\">\n\t\t\t\t<div class=\"elementor-element elementor-element-a2ef365 elementor-widget elementor-widget-heading\" data-id=\"a2ef365\" data-element_type=\"widget\" data-e-type=\"widget\" data-widget_type=\"heading.default\">\n\t\t\t\t\t<h1 class=\"elementor-heading-title elementor-size-default\">Cookie-Richtlinie<\/h1>\t\t\t\t<\/div>\n\t\t<div class=\"elementor-element elementor-element-61711eb e-con-full e-flex e-con e-child\" data-id=\"61711eb\" data-element_type=\"container\" data-e-type=\"container\">\n\t\t\t\t<div class=\"elementor-element elementor-element-55170b2 elementor-widget elementor-widget-text-editor\" data-id=\"55170b2\" data-element_type=\"widget\" data-e-type=\"widget\" data-widget_type=\"text-editor.default\">\n\t\t\t\t\t\t\t\t\t<p>Ein Cookie ist eine kleine Textdatei, die im Browser oder auf der Festplatte Ihres Computers oder Mobilger\u00e4ts gespeichert wird, wenn Sie eine Website besuchen. <\/p>\n<p>Die Website von Ski Sharp Edge verwendet die folgenden Arten von Cookies:<\/p>\n\t\t\t\t\t\t\t\t<\/div>\n\t\t\t\t<\/div>\n\t\t<div class=\"elementor-element elementor-element-5484f97 e-con-full e-flex e-con e-child\" data-id=\"5484f97\" data-element_type=\"container\" data-e-type=\"container\">\n\t\t\t\t<div class=\"elementor-element elementor-element-158eebe elementor-widget-tablet_extra__width-inherit elementor-widget elementor-widget-heading\" data-id=\"158eebe\" data-element_type=\"widget\" data-e-type=\"widget\" data-widget_type=\"heading.default\">\n\t\t\t\t\t<h2 class=\"elementor-heading-title elementor-size-default\">Verwendete Cookie-Typen<\/h2>\t\t\t\t<\/div>\n\t\t\t\t<div class=\"elementor-element elementor-element-74eec75 elementor-widget elementor-widget-text-editor\" data-id=\"74eec75\" data-element_type=\"widget\" data-e-type=\"widget\" data-widget_type=\"text-editor.default\">\n\t\t\t\t\t\t\t\t\t<p><strong style=\"color: #e00921;\">Essenzielle Cookies<\/strong>:<br \/>Diese Cookies erm\u00f6glichen es Ihnen, auf der Website zu navigieren und deren grundlegende Funktionen zu nutzen. Ohne diese Cookies k\u00f6nnen bestimmte von Ihnen angeforderte Dienste, wie die Nutzung des Kontaktformulars, nicht bereitgestellt werden. Die unbedingt notwendigen Cookies, die auf dieser Website verwendet werden, umfassen:<br \/>&#8211; <span style=\"text-decoration: underline;\">Elementor<\/span> (elementor): Erm\u00f6glicht dem Website-Betreiber, Inhalte in Echtzeit zu \u00e4ndern oder zu implementieren.<br \/>&#8211; <span style=\"text-decoration: underline;\">WordPress<\/span> (wpEmojiSettingsSupports): Sorgt f\u00fcr Emoji-Unterst\u00fctzung auf der Website.<br \/>&#8211; <span style=\"text-decoration: underline;\">Google reCAPTCHA<\/span> (rc::a, rc::c): Wird verwendet, um Menschen von Bots zu unterscheiden und die Website vor Missbrauch zu sch\u00fctzen.  <\/p>\n<p><strong style=\"color: #e00921;\">Analytische Cookies<\/strong>:<br \/>Diese Cookies sammeln Informationen dar\u00fcber, wie Besucher die Website nutzen, um die Leistung der Website zu messen und zu verbessern. Die verwendeten analytischen Cookies umfassen: <\/p>\n<p>&#8211; <span style=\"text-decoration: underline;\">Google Analytics<\/span> (ga*, _ga): Wird von Google Analytics verwendet, um Benutzer zu unterscheiden und anonyme Besuchsdaten zu sammeln.<\/p>\n<p><strong style=\"color: #e00921;\">Werbe-Cookies<\/strong>:<br \/>Unsere Website verwendet keine Werbe-Cookies.<\/p>\n\t\t\t\t\t\t\t\t<\/div>\n\t\t\t\t<\/div>\n\t\t<div class=\"elementor-element elementor-element-5555d0a e-con-full e-flex e-con e-child\" data-id=\"5555d0a\" data-element_type=\"container\" data-e-type=\"container\">\n\t\t\t\t<div class=\"elementor-element elementor-element-b2d2b9e elementor-widget-tablet_extra__width-inherit elementor-widget elementor-widget-heading\" data-id=\"b2d2b9e\" data-element_type=\"widget\" data-e-type=\"widget\" data-widget_type=\"heading.default\">\n\t\t\t\t\t<h2 class=\"elementor-heading-title elementor-size-default\">Cookie-Verwaltung<\/h2>\t\t\t\t<\/div>\n\t\t\t\t<div class=\"elementor-element elementor-element-2cc96a3 elementor-widget elementor-widget-text-editor\" data-id=\"2cc96a3\" data-element_type=\"widget\" data-e-type=\"widget\" data-widget_type=\"text-editor.default\">\n\t\t\t\t\t\t\t\t\t<p>Sie k\u00f6nnen Ihren Browser so konfigurieren, dass er Cookies akzeptiert oder ablehnt oder Sie benachrichtigt, wenn Cookies gesendet werden. Das Ablehnen von Cookies kann jedoch einige Funktionen der Website einschr\u00e4nken. <\/p>\n\t\t\t\t\t\t\t\t<\/div>\n\t\t\t\t<\/div>\n\t\t<div class=\"elementor-element elementor-element-95d052f e-con-full e-flex e-con e-child\" data-id=\"95d052f\" data-element_type=\"container\" data-e-type=\"container\">\n\t\t\t\t<div class=\"elementor-element elementor-element-ae62240 elementor-widget-tablet_extra__width-inherit elementor-widget elementor-widget-heading\" data-id=\"ae62240\" data-element_type=\"widget\" data-e-type=\"widget\" data-widget_type=\"heading.default\">\n\t\t\t\t\t<h2 class=\"elementor-heading-title elementor-size-default\">\u00c4nderungen<\/h2>\t\t\t\t<\/div>\n\t\t\t\t<div class=\"elementor-element elementor-element-a1774ee elementor-widget elementor-widget-text-editor\" data-id=\"a1774ee\" data-element_type=\"widget\" data-e-type=\"widget\" data-widget_type=\"text-editor.default\">\n\t\t\t\t\t\t\t\t\t<p>Wir behalten uns das Recht vor, diese Richtlinie jederzeit zu \u00e4ndern. \u00c4nderungen werden auf dieser Seite ver\u00f6ffentlicht. <\/p>\n\t\t\t\t\t\t\t\t<\/div>\n\t\t\t\t<\/div>\n\t\t\t\t<div class=\"elementor-element elementor-element-f6bf8ad elementor-widget elementor-widget-heading\" data-id=\"f6bf8ad\" data-element_type=\"widget\" data-e-type=\"widget\" data-widget_type=\"heading.default\">\n\t\t\t\t\t<p class=\"elementor-heading-title elementor-size-default\">Cookie-Richtlinie zuletzt aktualisiert am 10 Januar 2025<\/p>\t\t\t\t<\/div>\n\t\t\t\t\t<\/div>\n\t\t\t\t<\/div>\n\t\t\t\t<\/div>\n\t\t","protected":false},"excerpt":{"rendered":"<p>Cookie-Richtlinie Ein Cookie ist eine kleine Textdatei, die im Browser oder auf der Festplatte Ihres Computers oder Mobilger\u00e4ts gespeichert wird, wenn Sie eine Website besuchen. Die Website von Ski Sharp Edge verwendet die folgenden Arten von Cookies: Verwendete Cookie-Typen Essenzielle Cookies:Diese Cookies erm\u00f6glichen es Ihnen, auf der Website zu navigieren und deren grundlegende Funktionen zu [&hellip;]<\/p>\n","protected":false},"author":1,"featured_media":0,"parent":0,"menu_order":4,"comment_status":"closed","ping_status":"closed","template":"","meta":{"_acf_changed":false,"footnotes":""},"class_list":["post-1290","page","type-page","status-publish","hentry"],"acf":[],"yoast_head":"<!-- This site is optimized with the Yoast SEO plugin v27.1.1 - https:\/\/yoast.com\/product\/yoast-seo-wordpress\/ -->\n<title>Cookie-Richtlinie | Ski Sharp Edge<\/title>\n<meta name=\"robots\" content=\"index, follow, max-snippet:-1, max-image-preview:large, max-video-preview:-1\" \/>\n<link rel=\"canonical\" href=\"https:\/\/www.skisharpedge.com\/de\/cookie-richtlinie\/\" \/>\n<meta property=\"og:locale\" content=\"de_DE\" \/>\n<meta property=\"og:type\" content=\"article\" \/>\n<meta property=\"og:title\" content=\"Cookie-Richtlinie | Ski Sharp Edge\" \/>\n<meta property=\"og:description\" content=\"Cookie-Richtlinie Ein Cookie ist eine kleine Textdatei, die im Browser oder auf der Festplatte Ihres Computers oder Mobilger\u00e4ts gespeichert wird, wenn Sie eine Website besuchen. Die Website von Ski Sharp Edge verwendet die folgenden Arten von Cookies: Verwendete Cookie-Typen Essenzielle Cookies:Diese Cookies erm\u00f6glichen es Ihnen, auf der Website zu navigieren und deren grundlegende Funktionen zu [&hellip;]\" \/>\n<meta property=\"og:url\" content=\"https:\/\/www.skisharpedge.com\/de\/cookie-richtlinie\/\" \/>\n<meta property=\"og:site_name\" content=\"Ski Sharp Edge\" \/>\n<meta property=\"article:modified_time\" content=\"2025-01-10T10:16:15+00:00\" \/>\n<meta name=\"twitter:card\" content=\"summary_large_image\" \/>\n<meta name=\"twitter:label1\" content=\"Gesch\u00e4tzte Lesezeit\" \/>\n\t<meta name=\"twitter:data1\" content=\"1\u00a0Minute\" \/>\n<script type=\"application\/ld+json\" class=\"yoast-schema-graph\">{\"@context\":\"https:\/\/schema.org\",\"@graph\":[{\"@type\":\"WebPage\",\"@id\":\"https:\/\/www.skisharpedge.com\/de\/cookie-richtlinie\/\",\"url\":\"https:\/\/www.skisharpedge.com\/de\/cookie-richtlinie\/\",\"name\":\"Cookie-Richtlinie | Ski Sharp Edge\",\"isPartOf\":{\"@id\":\"https:\/\/www.skisharpedge.com\/fr\/#website\"},\"datePublished\":\"2024-11-27T14:48:04+00:00\",\"dateModified\":\"2025-01-10T10:16:15+00:00\",\"breadcrumb\":{\"@id\":\"https:\/\/www.skisharpedge.com\/de\/cookie-richtlinie\/#breadcrumb\"},\"inLanguage\":\"de\",\"potentialAction\":[{\"@type\":\"ReadAction\",\"target\":[\"https:\/\/www.skisharpedge.com\/de\/cookie-richtlinie\/\"]}]},{\"@type\":\"BreadcrumbList\",\"@id\":\"https:\/\/www.skisharpedge.com\/de\/cookie-richtlinie\/#breadcrumb\",\"itemListElement\":[{\"@type\":\"ListItem\",\"position\":1,\"name\":\"Home\",\"item\":\"https:\/\/www.skisharpedge.com\/de\/startseite\/\"},{\"@type\":\"ListItem\",\"position\":2,\"name\":\"Cookie-Richtlinie\"}]},{\"@type\":\"WebSite\",\"@id\":\"https:\/\/www.skisharpedge.com\/fr\/#website\",\"url\":\"https:\/\/www.skisharpedge.com\/fr\/\",\"name\":\"Ski Sharp Edge\",\"description\":\"\",\"publisher\":{\"@id\":\"https:\/\/www.skisharpedge.com\/fr\/#organization\"},\"potentialAction\":[{\"@type\":\"SearchAction\",\"target\":{\"@type\":\"EntryPoint\",\"urlTemplate\":\"https:\/\/www.skisharpedge.com\/fr\/?s={search_term_string}\"},\"query-input\":{\"@type\":\"PropertyValueSpecification\",\"valueRequired\":true,\"valueName\":\"search_term_string\"}}],\"inLanguage\":\"de\"},{\"@type\":\"Organization\",\"@id\":\"https:\/\/www.skisharpedge.com\/fr\/#organization\",\"name\":\"Ski Sharp Edge\",\"url\":\"https:\/\/www.skisharpedge.com\/fr\/\",\"logo\":{\"@type\":\"ImageObject\",\"inLanguage\":\"de\",\"@id\":\"https:\/\/www.skisharpedge.com\/fr\/#\/schema\/logo\/image\/\",\"url\":\"https:\/\/www.skisharpedge.com\/wp-content\/uploads\/logo-ski-sharp-edge.svg\",\"contentUrl\":\"https:\/\/www.skisharpedge.com\/wp-content\/uploads\/logo-ski-sharp-edge.svg\",\"width\":163,\"height\":97,\"caption\":\"Ski Sharp Edge\"},\"image\":{\"@id\":\"https:\/\/www.skisharpedge.com\/fr\/#\/schema\/logo\/image\/\"}}]}<\/script>\n<!-- \/ Yoast SEO plugin. -->","yoast_head_json":{"title":"Cookie-Richtlinie | Ski Sharp Edge","robots":{"index":"index","follow":"follow","max-snippet":"max-snippet:-1","max-image-preview":"max-image-preview:large","max-video-preview":"max-video-preview:-1"},"canonical":"https:\/\/www.skisharpedge.com\/de\/cookie-richtlinie\/","og_locale":"de_DE","og_type":"article","og_title":"Cookie-Richtlinie | Ski Sharp Edge","og_description":"Cookie-Richtlinie Ein Cookie ist eine kleine Textdatei, die im Browser oder auf der Festplatte Ihres Computers oder Mobilger\u00e4ts gespeichert wird, wenn Sie eine Website besuchen. Die Website von Ski Sharp Edge verwendet die folgenden Arten von Cookies: Verwendete Cookie-Typen Essenzielle Cookies:Diese Cookies erm\u00f6glichen es Ihnen, auf der Website zu navigieren und deren grundlegende Funktionen zu [&hellip;]","og_url":"https:\/\/www.skisharpedge.com\/de\/cookie-richtlinie\/","og_site_name":"Ski Sharp Edge","article_modified_time":"2025-01-10T10:16:15+00:00","twitter_card":"summary_large_image","twitter_misc":{"Gesch\u00e4tzte Lesezeit":"1\u00a0Minute"},"schema":{"@context":"https:\/\/schema.org","@graph":[{"@type":"WebPage","@id":"https:\/\/www.skisharpedge.com\/de\/cookie-richtlinie\/","url":"https:\/\/www.skisharpedge.com\/de\/cookie-richtlinie\/","name":"Cookie-Richtlinie | Ski Sharp Edge","isPartOf":{"@id":"https:\/\/www.skisharpedge.com\/fr\/#website"},"datePublished":"2024-11-27T14:48:04+00:00","dateModified":"2025-01-10T10:16:15+00:00","breadcrumb":{"@id":"https:\/\/www.skisharpedge.com\/de\/cookie-richtlinie\/#breadcrumb"},"inLanguage":"de","potentialAction":[{"@type":"ReadAction","target":["https:\/\/www.skisharpedge.com\/de\/cookie-richtlinie\/"]}]},{"@type":"BreadcrumbList","@id":"https:\/\/www.skisharpedge.com\/de\/cookie-richtlinie\/#breadcrumb","itemListElement":[{"@type":"ListItem","position":1,"name":"Home","item":"https:\/\/www.skisharpedge.com\/de\/startseite\/"},{"@type":"ListItem","position":2,"name":"Cookie-Richtlinie"}]},{"@type":"WebSite","@id":"https:\/\/www.skisharpedge.com\/fr\/#website","url":"https:\/\/www.skisharpedge.com\/fr\/","name":"Ski Sharp Edge","description":"","publisher":{"@id":"https:\/\/www.skisharpedge.com\/fr\/#organization"},"potentialAction":[{"@type":"SearchAction","target":{"@type":"EntryPoint","urlTemplate":"https:\/\/www.skisharpedge.com\/fr\/?s={search_term_string}"},"query-input":{"@type":"PropertyValueSpecification","valueRequired":true,"valueName":"search_term_string"}}],"inLanguage":"de"},{"@type":"Organization","@id":"https:\/\/www.skisharpedge.com\/fr\/#organization","name":"Ski Sharp Edge","url":"https:\/\/www.skisharpedge.com\/fr\/","logo":{"@type":"ImageObject","inLanguage":"de","@id":"https:\/\/www.skisharpedge.com\/fr\/#\/schema\/logo\/image\/","url":"https:\/\/www.skisharpedge.com\/wp-content\/uploads\/logo-ski-sharp-edge.svg","contentUrl":"https:\/\/www.skisharpedge.com\/wp-content\/uploads\/logo-ski-sharp-edge.svg","width":163,"height":97,"caption":"Ski Sharp Edge"},"image":{"@id":"https:\/\/www.skisharpedge.com\/fr\/#\/schema\/logo\/image\/"}}]}},"_links":{"self":[{"href":"https:\/\/www.skisharpedge.com\/de\/wp-json\/wp\/v2\/pages\/1290","targetHints":{"allow":["GET"]}}],"collection":[{"href":"https:\/\/www.skisharpedge.com\/de\/wp-json\/wp\/v2\/pages"}],"about":[{"href":"https:\/\/www.skisharpedge.com\/de\/wp-json\/wp\/v2\/types\/page"}],"author":[{"embeddable":true,"href":"https:\/\/www.skisharpedge.com\/de\/wp-json\/wp\/v2\/users\/1"}],"replies":[{"embeddable":true,"href":"https:\/\/www.skisharpedge.com\/de\/wp-json\/wp\/v2\/comments?post=1290"}],"version-history":[{"count":4,"href":"https:\/\/www.skisharpedge.com\/de\/wp-json\/wp\/v2\/pages\/1290\/revisions"}],"predecessor-version":[{"id":1349,"href":"https:\/\/www.skisharpedge.com\/de\/wp-json\/wp\/v2\/pages\/1290\/revisions\/1349"}],"wp:attachment":[{"href":"https:\/\/www.skisharpedge.com\/de\/wp-json\/wp\/v2\/media?parent=1290"}],"curies":[{"name":"wp","href":"https:\/\/api.w.org\/{rel}","templated":true}]}}