{"id":1280,"date":"2024-09-11T09:58:56","date_gmt":"2024-09-11T07:58:56","guid":{"rendered":"https:\/\/www.skisharpedge.com\/nutzungsbedingungen\/"},"modified":"2025-01-10T09:17:16","modified_gmt":"2025-01-10T08:17:16","slug":"nutzungsbedingungen","status":"publish","type":"page","link":"https:\/\/www.skisharpedge.com\/de\/nutzungsbedingungen\/","title":{"rendered":"Nutzungsbedingungen"},"content":{"rendered":"\t\t<div data-elementor-type=\"wp-page\" data-elementor-id=\"1280\" class=\"elementor elementor-1280 elementor-763\" data-elementor-post-type=\"page\">\n\t\t\t\t<div class=\"elementor-element elementor-element-4726ab4 e-flex e-con-boxed e-con e-parent\" data-id=\"4726ab4\" data-element_type=\"container\" data-e-type=\"container\">\n\t\t\t\t\t<div class=\"e-con-inner\">\n\t\t\t\t<div class=\"elementor-element elementor-element-1a445c7 elementor-widget elementor-widget-heading\" data-id=\"1a445c7\" data-element_type=\"widget\" data-e-type=\"widget\" data-widget_type=\"heading.default\">\n\t\t\t\t\t<h1 class=\"elementor-heading-title elementor-size-default\">Nutzungsbedingungen<\/h1>\t\t\t\t<\/div>\n\t\t<div class=\"elementor-element elementor-element-f3aff70 e-con-full e-flex e-con e-child\" data-id=\"f3aff70\" data-element_type=\"container\" data-e-type=\"container\">\n\t\t\t\t<div class=\"elementor-element elementor-element-96536e7 elementor-widget elementor-widget-text-editor\" data-id=\"96536e7\" data-element_type=\"widget\" data-e-type=\"widget\" data-widget_type=\"text-editor.default\">\n\t\t\t\t\t\t\t\t\t<p>Willkommen bei Ski Sharp Edge. Durch den Zugriff auf unsere Website erkl\u00e4ren Sie sich mit den folgenden Bedingungen einverstanden. Wenn Sie diese Bedingungen nicht akzeptieren, nutzen Sie unsere Website bitte nicht.  <\/p>\n\t\t\t\t\t\t\t\t<\/div>\n\t\t\t\t<\/div>\n\t\t<div class=\"elementor-element elementor-element-2496d0f e-con-full e-flex e-con e-child\" data-id=\"2496d0f\" data-element_type=\"container\" data-e-type=\"container\">\n\t\t\t\t<div class=\"elementor-element elementor-element-a4ed876 elementor-widget-tablet_extra__width-inherit elementor-widget elementor-widget-heading\" data-id=\"a4ed876\" data-element_type=\"widget\" data-e-type=\"widget\" data-widget_type=\"heading.default\">\n\t\t\t\t\t<h2 class=\"elementor-heading-title elementor-size-default\">Nutzung der Website<\/h2>\t\t\t\t<\/div>\n\t\t\t\t<div class=\"elementor-element elementor-element-d8cf400 elementor-widget elementor-widget-text-editor\" data-id=\"d8cf400\" data-element_type=\"widget\" data-e-type=\"widget\" data-widget_type=\"text-editor.default\">\n\t\t\t\t\t\t\t\t\t<p>Sie erkl\u00e4ren sich damit einverstanden, diese Website ausschlie\u00dflich f\u00fcr rechtm\u00e4\u00dfige Zwecke zu nutzen und die Rechte anderer Nutzer nicht zu verletzen.<\/p>\n\t\t\t\t\t\t\t\t<\/div>\n\t\t\t\t<\/div>\n\t\t<div class=\"elementor-element elementor-element-699de2c e-con-full e-flex e-con e-child\" data-id=\"699de2c\" data-element_type=\"container\" data-e-type=\"container\">\n\t\t\t\t<div class=\"elementor-element elementor-element-98a0673 elementor-widget-tablet_extra__width-inherit elementor-widget elementor-widget-heading\" data-id=\"98a0673\" data-element_type=\"widget\" data-e-type=\"widget\" data-widget_type=\"heading.default\">\n\t\t\t\t\t<h2 class=\"elementor-heading-title elementor-size-default\">Geistiges Eigentum<\/h2>\t\t\t\t<\/div>\n\t\t\t\t<div class=\"elementor-element elementor-element-cd07851 elementor-widget elementor-widget-text-editor\" data-id=\"cd07851\" data-element_type=\"widget\" data-e-type=\"widget\" data-widget_type=\"text-editor.default\">\n\t\t\t\t\t\t\t\t\t<p>Alle Inhalte auf dieser Website, einschlie\u00dflich Texte, Bilder, Logos und Grafiken, sind Eigentum von <span class=\"kx-display-field\">Les \u00e9quipements Ski Sharp Edge Inc.<\/span> und durch Urheberrechtsgesetze gesch\u00fctzt.<\/p>\n\t\t\t\t\t\t\t\t<\/div>\n\t\t\t\t<\/div>\n\t\t<div class=\"elementor-element elementor-element-a06fcd1 e-con-full e-flex e-con e-child\" data-id=\"a06fcd1\" data-element_type=\"container\" data-e-type=\"container\">\n\t\t\t\t<div class=\"elementor-element elementor-element-8b58ae2 elementor-widget-tablet_extra__width-inherit elementor-widget elementor-widget-heading\" data-id=\"8b58ae2\" data-element_type=\"widget\" data-e-type=\"widget\" data-widget_type=\"heading.default\">\n\t\t\t\t\t<h2 class=\"elementor-heading-title elementor-size-default\">Haftungsbeschr\u00e4nkung<\/h2>\t\t\t\t<\/div>\n\t\t\t\t<div class=\"elementor-element elementor-element-54ec2ba elementor-widget elementor-widget-text-editor\" data-id=\"54ec2ba\" data-element_type=\"widget\" data-e-type=\"widget\" data-widget_type=\"text-editor.default\">\n\t\t\t\t\t\t\t\t\t<p>Ski Sharp Edge haftet nicht f\u00fcr direkte oder indirekte Sch\u00e4den, die durch die Nutzung der Website entstehen, insbesondere im Falle von Fehlern oder Unterbrechungen des Dienstes.<\/p>\n\t\t\t\t\t\t\t\t<\/div>\n\t\t\t\t<\/div>\n\t\t<div class=\"elementor-element elementor-element-a45ff26 e-con-full e-flex e-con e-child\" data-id=\"a45ff26\" data-element_type=\"container\" data-e-type=\"container\">\n\t\t\t\t<div class=\"elementor-element elementor-element-40c77fe elementor-widget-tablet_extra__width-inherit elementor-widget elementor-widget-heading\" data-id=\"40c77fe\" data-element_type=\"widget\" data-e-type=\"widget\" data-widget_type=\"heading.default\">\n\t\t\t\t\t<h2 class=\"elementor-heading-title elementor-size-default\">\u00c4nderungen der Nutzungsbedingungen<\/h2>\t\t\t\t<\/div>\n\t\t\t\t<div class=\"elementor-element elementor-element-e31019a elementor-widget elementor-widget-text-editor\" data-id=\"e31019a\" data-element_type=\"widget\" data-e-type=\"widget\" data-widget_type=\"text-editor.default\">\n\t\t\t\t\t\t\t\t\t<p>Wir behalten uns das Recht vor, diese Bedingungen jederzeit zu \u00e4ndern. Alle \u00c4nderungen werden auf dieser Seite ver\u00f6ffentlicht. <\/p>\n\t\t\t\t\t\t\t\t<\/div>\n\t\t\t\t<\/div>\n\t\t\t\t<div class=\"elementor-element elementor-element-b000a69 elementor-widget elementor-widget-heading\" data-id=\"b000a69\" data-element_type=\"widget\" data-e-type=\"widget\" data-widget_type=\"heading.default\">\n\t\t\t\t\t<p class=\"elementor-heading-title elementor-size-default\">Nutzungsbedingungen zuletzt aktualisiert am 10 Januar 2025<\/p>\t\t\t\t<\/div>\n\t\t\t\t\t<\/div>\n\t\t\t\t<\/div>\n\t\t\t\t<\/div>\n\t\t","protected":false},"excerpt":{"rendered":"<p>Nutzungsbedingungen Willkommen bei Ski Sharp Edge. Durch den Zugriff auf unsere Website erkl\u00e4ren Sie sich mit den folgenden Bedingungen einverstanden. Wenn Sie diese Bedingungen nicht akzeptieren, nutzen Sie unsere Website bitte nicht. Nutzung der Website Sie erkl\u00e4ren sich damit einverstanden, diese Website ausschlie\u00dflich f\u00fcr rechtm\u00e4\u00dfige Zwecke zu nutzen und die Rechte anderer Nutzer nicht zu [&hellip;]<\/p>\n","protected":false},"author":1,"featured_media":0,"parent":0,"menu_order":5,"comment_status":"closed","ping_status":"closed","template":"elementor_header_footer","meta":{"_acf_changed":false,"footnotes":""},"class_list":["post-1280","page","type-page","status-publish","hentry"],"acf":[],"yoast_head":"<!-- This site is optimized with the Yoast SEO plugin v27.1.1 - https:\/\/yoast.com\/product\/yoast-seo-wordpress\/ -->\n<title>Nutzungsbedingungen | Ski Sharp Edge<\/title>\n<meta name=\"robots\" content=\"index, follow, max-snippet:-1, max-image-preview:large, max-video-preview:-1\" \/>\n<link rel=\"canonical\" href=\"https:\/\/www.skisharpedge.com\/de\/nutzungsbedingungen\/\" \/>\n<meta property=\"og:locale\" content=\"de_DE\" \/>\n<meta property=\"og:type\" content=\"article\" \/>\n<meta property=\"og:title\" content=\"Nutzungsbedingungen | Ski Sharp Edge\" \/>\n<meta property=\"og:description\" content=\"Nutzungsbedingungen Willkommen bei Ski Sharp Edge. Durch den Zugriff auf unsere Website erkl\u00e4ren Sie sich mit den folgenden Bedingungen einverstanden. Wenn Sie diese Bedingungen nicht akzeptieren, nutzen Sie unsere Website bitte nicht. Nutzung der Website Sie erkl\u00e4ren sich damit einverstanden, diese Website ausschlie\u00dflich f\u00fcr rechtm\u00e4\u00dfige Zwecke zu nutzen und die Rechte anderer Nutzer nicht zu [&hellip;]\" \/>\n<meta property=\"og:url\" content=\"https:\/\/www.skisharpedge.com\/de\/nutzungsbedingungen\/\" \/>\n<meta property=\"og:site_name\" content=\"Ski Sharp Edge\" \/>\n<meta property=\"article:modified_time\" content=\"2025-01-10T08:17:16+00:00\" \/>\n<meta name=\"twitter:card\" content=\"summary_large_image\" \/>\n<meta name=\"twitter:label1\" content=\"Gesch\u00e4tzte Lesezeit\" \/>\n\t<meta name=\"twitter:data1\" content=\"1\u00a0Minute\" \/>\n<script type=\"application\/ld+json\" class=\"yoast-schema-graph\">{\"@context\":\"https:\/\/schema.org\",\"@graph\":[{\"@type\":\"WebPage\",\"@id\":\"https:\/\/www.skisharpedge.com\/de\/nutzungsbedingungen\/\",\"url\":\"https:\/\/www.skisharpedge.com\/de\/nutzungsbedingungen\/\",\"name\":\"Nutzungsbedingungen | Ski Sharp Edge\",\"isPartOf\":{\"@id\":\"https:\/\/www.skisharpedge.com\/fr\/#website\"},\"datePublished\":\"2024-09-11T07:58:56+00:00\",\"dateModified\":\"2025-01-10T08:17:16+00:00\",\"breadcrumb\":{\"@id\":\"https:\/\/www.skisharpedge.com\/de\/nutzungsbedingungen\/#breadcrumb\"},\"inLanguage\":\"de\",\"potentialAction\":[{\"@type\":\"ReadAction\",\"target\":[\"https:\/\/www.skisharpedge.com\/de\/nutzungsbedingungen\/\"]}]},{\"@type\":\"BreadcrumbList\",\"@id\":\"https:\/\/www.skisharpedge.com\/de\/nutzungsbedingungen\/#breadcrumb\",\"itemListElement\":[{\"@type\":\"ListItem\",\"position\":1,\"name\":\"Home\",\"item\":\"https:\/\/www.skisharpedge.com\/de\/startseite\/\"},{\"@type\":\"ListItem\",\"position\":2,\"name\":\"Nutzungsbedingungen\"}]},{\"@type\":\"WebSite\",\"@id\":\"https:\/\/www.skisharpedge.com\/fr\/#website\",\"url\":\"https:\/\/www.skisharpedge.com\/fr\/\",\"name\":\"Ski Sharp Edge\",\"description\":\"\",\"publisher\":{\"@id\":\"https:\/\/www.skisharpedge.com\/fr\/#organization\"},\"potentialAction\":[{\"@type\":\"SearchAction\",\"target\":{\"@type\":\"EntryPoint\",\"urlTemplate\":\"https:\/\/www.skisharpedge.com\/fr\/?s={search_term_string}\"},\"query-input\":{\"@type\":\"PropertyValueSpecification\",\"valueRequired\":true,\"valueName\":\"search_term_string\"}}],\"inLanguage\":\"de\"},{\"@type\":\"Organization\",\"@id\":\"https:\/\/www.skisharpedge.com\/fr\/#organization\",\"name\":\"Ski Sharp Edge\",\"url\":\"https:\/\/www.skisharpedge.com\/fr\/\",\"logo\":{\"@type\":\"ImageObject\",\"inLanguage\":\"de\",\"@id\":\"https:\/\/www.skisharpedge.com\/fr\/#\/schema\/logo\/image\/\",\"url\":\"https:\/\/www.skisharpedge.com\/wp-content\/uploads\/logo-ski-sharp-edge.svg\",\"contentUrl\":\"https:\/\/www.skisharpedge.com\/wp-content\/uploads\/logo-ski-sharp-edge.svg\",\"width\":163,\"height\":97,\"caption\":\"Ski Sharp Edge\"},\"image\":{\"@id\":\"https:\/\/www.skisharpedge.com\/fr\/#\/schema\/logo\/image\/\"}}]}<\/script>\n<!-- \/ Yoast SEO plugin. -->","yoast_head_json":{"title":"Nutzungsbedingungen | Ski Sharp Edge","robots":{"index":"index","follow":"follow","max-snippet":"max-snippet:-1","max-image-preview":"max-image-preview:large","max-video-preview":"max-video-preview:-1"},"canonical":"https:\/\/www.skisharpedge.com\/de\/nutzungsbedingungen\/","og_locale":"de_DE","og_type":"article","og_title":"Nutzungsbedingungen | Ski Sharp Edge","og_description":"Nutzungsbedingungen Willkommen bei Ski Sharp Edge. Durch den Zugriff auf unsere Website erkl\u00e4ren Sie sich mit den folgenden Bedingungen einverstanden. Wenn Sie diese Bedingungen nicht akzeptieren, nutzen Sie unsere Website bitte nicht. Nutzung der Website Sie erkl\u00e4ren sich damit einverstanden, diese Website ausschlie\u00dflich f\u00fcr rechtm\u00e4\u00dfige Zwecke zu nutzen und die Rechte anderer Nutzer nicht zu [&hellip;]","og_url":"https:\/\/www.skisharpedge.com\/de\/nutzungsbedingungen\/","og_site_name":"Ski Sharp Edge","article_modified_time":"2025-01-10T08:17:16+00:00","twitter_card":"summary_large_image","twitter_misc":{"Gesch\u00e4tzte Lesezeit":"1\u00a0Minute"},"schema":{"@context":"https:\/\/schema.org","@graph":[{"@type":"WebPage","@id":"https:\/\/www.skisharpedge.com\/de\/nutzungsbedingungen\/","url":"https:\/\/www.skisharpedge.com\/de\/nutzungsbedingungen\/","name":"Nutzungsbedingungen | Ski Sharp Edge","isPartOf":{"@id":"https:\/\/www.skisharpedge.com\/fr\/#website"},"datePublished":"2024-09-11T07:58:56+00:00","dateModified":"2025-01-10T08:17:16+00:00","breadcrumb":{"@id":"https:\/\/www.skisharpedge.com\/de\/nutzungsbedingungen\/#breadcrumb"},"inLanguage":"de","potentialAction":[{"@type":"ReadAction","target":["https:\/\/www.skisharpedge.com\/de\/nutzungsbedingungen\/"]}]},{"@type":"BreadcrumbList","@id":"https:\/\/www.skisharpedge.com\/de\/nutzungsbedingungen\/#breadcrumb","itemListElement":[{"@type":"ListItem","position":1,"name":"Home","item":"https:\/\/www.skisharpedge.com\/de\/startseite\/"},{"@type":"ListItem","position":2,"name":"Nutzungsbedingungen"}]},{"@type":"WebSite","@id":"https:\/\/www.skisharpedge.com\/fr\/#website","url":"https:\/\/www.skisharpedge.com\/fr\/","name":"Ski Sharp Edge","description":"","publisher":{"@id":"https:\/\/www.skisharpedge.com\/fr\/#organization"},"potentialAction":[{"@type":"SearchAction","target":{"@type":"EntryPoint","urlTemplate":"https:\/\/www.skisharpedge.com\/fr\/?s={search_term_string}"},"query-input":{"@type":"PropertyValueSpecification","valueRequired":true,"valueName":"search_term_string"}}],"inLanguage":"de"},{"@type":"Organization","@id":"https:\/\/www.skisharpedge.com\/fr\/#organization","name":"Ski Sharp Edge","url":"https:\/\/www.skisharpedge.com\/fr\/","logo":{"@type":"ImageObject","inLanguage":"de","@id":"https:\/\/www.skisharpedge.com\/fr\/#\/schema\/logo\/image\/","url":"https:\/\/www.skisharpedge.com\/wp-content\/uploads\/logo-ski-sharp-edge.svg","contentUrl":"https:\/\/www.skisharpedge.com\/wp-content\/uploads\/logo-ski-sharp-edge.svg","width":163,"height":97,"caption":"Ski Sharp Edge"},"image":{"@id":"https:\/\/www.skisharpedge.com\/fr\/#\/schema\/logo\/image\/"}}]}},"_links":{"self":[{"href":"https:\/\/www.skisharpedge.com\/de\/wp-json\/wp\/v2\/pages\/1280","targetHints":{"allow":["GET"]}}],"collection":[{"href":"https:\/\/www.skisharpedge.com\/de\/wp-json\/wp\/v2\/pages"}],"about":[{"href":"https:\/\/www.skisharpedge.com\/de\/wp-json\/wp\/v2\/types\/page"}],"author":[{"embeddable":true,"href":"https:\/\/www.skisharpedge.com\/de\/wp-json\/wp\/v2\/users\/1"}],"replies":[{"embeddable":true,"href":"https:\/\/www.skisharpedge.com\/de\/wp-json\/wp\/v2\/comments?post=1280"}],"version-history":[{"count":1,"href":"https:\/\/www.skisharpedge.com\/de\/wp-json\/wp\/v2\/pages\/1280\/revisions"}],"predecessor-version":[{"id":1281,"href":"https:\/\/www.skisharpedge.com\/de\/wp-json\/wp\/v2\/pages\/1280\/revisions\/1281"}],"wp:attachment":[{"href":"https:\/\/www.skisharpedge.com\/de\/wp-json\/wp\/v2\/media?parent=1280"}],"curies":[{"name":"wp","href":"https:\/\/api.w.org\/{rel}","templated":true}]}}