{"id":1270,"date":"2024-09-11T10:06:47","date_gmt":"2024-09-11T08:06:47","guid":{"rendered":"https:\/\/www.skisharpedge.com\/impressum\/"},"modified":"2025-07-22T09:22:00","modified_gmt":"2025-07-22T07:22:00","slug":"impressum","status":"publish","type":"page","link":"https:\/\/www.skisharpedge.com\/de\/impressum\/","title":{"rendered":"Impressum"},"content":{"rendered":"\t\t<div data-elementor-type=\"wp-page\" data-elementor-id=\"1270\" class=\"elementor elementor-1270 elementor-766\" data-elementor-post-type=\"page\">\n\t\t\t\t<div class=\"elementor-element elementor-element-5f2308f e-flex e-con-boxed e-con e-parent\" data-id=\"5f2308f\" data-element_type=\"container\" data-e-type=\"container\">\n\t\t\t\t\t<div class=\"e-con-inner\">\n\t\t\t\t<div class=\"elementor-element elementor-element-5b7f6f6 elementor-widget elementor-widget-heading\" data-id=\"5b7f6f6\" data-element_type=\"widget\" data-e-type=\"widget\" data-widget_type=\"heading.default\">\n\t\t\t\t\t<h1 class=\"elementor-heading-title elementor-size-default\">Impressum<\/h1>\t\t\t\t<\/div>\n\t\t<div class=\"elementor-element elementor-element-76a5bf4 e-con-full e-flex e-con e-child\" data-id=\"76a5bf4\" data-element_type=\"container\" data-e-type=\"container\">\n\t\t\t\t<div class=\"elementor-element elementor-element-5955a3f elementor-widget elementor-widget-text-editor\" data-id=\"5955a3f\" data-element_type=\"widget\" data-e-type=\"widget\" data-widget_type=\"text-editor.default\">\n\t\t\t\t\t\t\t\t\t<p><span style=\"text-decoration: underline;\">Name des Unternehmens:<\/span> <span class=\"kx-display-field\">Les \u00e9quipements Ski Sharp Edge Inc.<\/span><br><span style=\"text-decoration: underline;\">Hauptsitz:<\/span> 201 Rue Gince, Saint-Laurent, QC H4N 1R4, Kanada<br><span style=\"text-decoration: underline;\">Registrierungsnummer:<\/span> 1174198144<br><span style=\"text-decoration: underline;\">Ver\u00f6ffentlichungsdirektor:<\/span> R\u00e9mi Jodoin<br><span style=\"text-decoration: underline;\">Kontakt:<\/span> rj@skisharpedge.com<br><span style=\"text-decoration: underline;\">Hosting-Provider:<\/span> <a href=\"https:\/\/www.hostinger.de\/\" target=\"_blank\" rel=\"noopener\">Hostinger<\/a>, dessen Hauptsitz sich in der Lordou Vironos Stra\u00dfe 61, 6023 Larnaca (Zypern) befindet und der \u00fcber die hier aufgef\u00fchrten Kommunikationsmittel erreichbar ist: <a href=\"https:\/\/www.hostinger.de\/kontakt\" target=\"_blank\" rel=\"noopener\">www.hostinger.de\/kontakt<\/a>.<\/p>\t\t\t\t\t\t\t\t<\/div>\n\t\t\t\t<\/div>\n\t\t<div class=\"elementor-element elementor-element-80745bc e-con-full e-flex e-con e-child\" data-id=\"80745bc\" data-element_type=\"container\" data-e-type=\"container\">\n\t\t\t\t<div class=\"elementor-element elementor-element-2a27dab elementor-widget-tablet_extra__width-inherit elementor-widget elementor-widget-heading\" data-id=\"2a27dab\" data-element_type=\"widget\" data-e-type=\"widget\" data-widget_type=\"heading.default\">\n\t\t\t\t\t<h2 class=\"elementor-heading-title elementor-size-default\">Eigentum der Website<\/h2>\t\t\t\t<\/div>\n\t\t\t\t<div class=\"elementor-element elementor-element-90332e5 elementor-widget elementor-widget-text-editor\" data-id=\"90332e5\" data-element_type=\"widget\" data-e-type=\"widget\" data-widget_type=\"text-editor.default\">\n\t\t\t\t\t\t\t\t\t<p>Diese Website geh\u00f6rt <span class=\"kx-display-field\">Les \u00e9quipements Ski Sharp Edge Inc.<\/span>, einem Unternehmen, das unter der Nummer <span class=\"kx-display-field\">1174198144<\/span> registriert ist und seinen Hauptsitz in der 7875 Trans-Canada Highway, Saint-Laurent, QC H4R2T1, Kanada hat.<\/p>\t\t\t\t\t\t\t\t<\/div>\n\t\t\t\t<\/div>\n\t\t<div class=\"elementor-element elementor-element-04490d4 e-con-full e-flex e-con e-child\" data-id=\"04490d4\" data-element_type=\"container\" data-e-type=\"container\">\n\t\t\t\t<div class=\"elementor-element elementor-element-4a4130a elementor-widget-tablet_extra__width-inherit elementor-widget elementor-widget-heading\" data-id=\"4a4130a\" data-element_type=\"widget\" data-e-type=\"widget\" data-widget_type=\"heading.default\">\n\t\t\t\t\t<h2 class=\"elementor-heading-title elementor-size-default\">Redaktionelle Verantwortung<\/h2>\t\t\t\t<\/div>\n\t\t\t\t<div class=\"elementor-element elementor-element-ea5eacc elementor-widget elementor-widget-text-editor\" data-id=\"ea5eacc\" data-element_type=\"widget\" data-e-type=\"widget\" data-widget_type=\"text-editor.default\">\n\t\t\t\t\t\t\t\t\t<p>Der Ver\u00f6ffentlichungsdirektor der Website ist R\u00e9mi Jodoin.<\/p>\t\t\t\t\t\t\t\t<\/div>\n\t\t\t\t<\/div>\n\t\t<div class=\"elementor-element elementor-element-34aa5b5 e-con-full e-flex e-con e-child\" data-id=\"34aa5b5\" data-element_type=\"container\" data-e-type=\"container\">\n\t\t\t\t<div class=\"elementor-element elementor-element-620d6f1 elementor-widget-tablet_extra__width-inherit elementor-widget elementor-widget-heading\" data-id=\"620d6f1\" data-element_type=\"widget\" data-e-type=\"widget\" data-widget_type=\"heading.default\">\n\t\t\t\t\t<h2 class=\"elementor-heading-title elementor-size-default\">Hosting<\/h2>\t\t\t\t<\/div>\n\t\t\t\t<div class=\"elementor-element elementor-element-bf2dfba elementor-widget elementor-widget-text-editor\" data-id=\"bf2dfba\" data-element_type=\"widget\" data-e-type=\"widget\" data-widget_type=\"text-editor.default\">\n\t\t\t\t\t\t\t\t\t<p>Die Website wird von Hostinger gehostet, dessen Sitz sich in der Lordou Vironos Stra\u00dfe 61, 6023 Larnaca (Zypern) befindet.<\/p>\t\t\t\t\t\t\t\t<\/div>\n\t\t\t\t<\/div>\n\t\t<div class=\"elementor-element elementor-element-d5e2626 e-con-full e-flex e-con e-child\" data-id=\"d5e2626\" data-element_type=\"container\" data-e-type=\"container\">\n\t\t\t\t<div class=\"elementor-element elementor-element-e4716bc elementor-widget-tablet_extra__width-inherit elementor-widget elementor-widget-heading\" data-id=\"e4716bc\" data-element_type=\"widget\" data-e-type=\"widget\" data-widget_type=\"heading.default\">\n\t\t\t\t\t<h2 class=\"elementor-heading-title elementor-size-default\">Geistiges Eigentum<\/h2>\t\t\t\t<\/div>\n\t\t\t\t<div class=\"elementor-element elementor-element-2319089 elementor-widget elementor-widget-text-editor\" data-id=\"2319089\" data-element_type=\"widget\" data-e-type=\"widget\" data-widget_type=\"text-editor.default\">\n\t\t\t\t\t\t\t\t\t<p>Alle auf dieser Website verf\u00fcgbaren Inhalte, einschlie\u00dflich Texte, Bilder, Logos und Videos, sind das ausschlie\u00dfliche Eigentum von <span class=\"kx-display-field\">Les \u00e9quipements Ski Sharp Edge Inc.<\/span> und durch Urheberrechtsgesetze gesch\u00fctzt.<\/p>\t\t\t\t\t\t\t\t<\/div>\n\t\t\t\t<\/div>\n\t\t\t\t<div class=\"elementor-element elementor-element-2bb507c elementor-widget elementor-widget-heading\" data-id=\"2bb507c\" data-element_type=\"widget\" data-e-type=\"widget\" data-widget_type=\"heading.default\">\n\t\t\t\t\t<p class=\"elementor-heading-title elementor-size-default\">Impressum zuletzt aktualisiert am 22 Juli 2025<\/p>\t\t\t\t<\/div>\n\t\t\t\t\t<\/div>\n\t\t\t\t<\/div>\n\t\t\t\t<\/div>\n\t\t","protected":false},"excerpt":{"rendered":"<p>Impressum Name des Unternehmens: Les \u00e9quipements Ski Sharp Edge Inc.Hauptsitz: 201 Rue Gince, Saint-Laurent, QC H4N 1R4, KanadaRegistrierungsnummer: 1174198144Ver\u00f6ffentlichungsdirektor: R\u00e9mi JodoinKontakt: rj@skisharpedge.comHosting-Provider: Hostinger, dessen Hauptsitz sich in der Lordou Vironos Stra\u00dfe 61, 6023 Larnaca (Zypern) befindet und der \u00fcber die hier aufgef\u00fchrten Kommunikationsmittel erreichbar ist: www.hostinger.de\/kontakt. Eigentum der Website Diese Website geh\u00f6rt Les \u00e9quipements Ski [&hellip;]<\/p>\n","protected":false},"author":1,"featured_media":0,"parent":0,"menu_order":6,"comment_status":"closed","ping_status":"closed","template":"elementor_header_footer","meta":{"_acf_changed":false,"footnotes":""},"class_list":["post-1270","page","type-page","status-publish","hentry"],"acf":[],"yoast_head":"<!-- This site is optimized with the Yoast SEO plugin v27.1.1 - https:\/\/yoast.com\/product\/yoast-seo-wordpress\/ -->\n<title>Impressum | Ski Sharp Edge<\/title>\n<meta name=\"robots\" content=\"index, follow, max-snippet:-1, max-image-preview:large, max-video-preview:-1\" \/>\n<link rel=\"canonical\" href=\"https:\/\/www.skisharpedge.com\/de\/impressum\/\" \/>\n<meta property=\"og:locale\" content=\"de_DE\" \/>\n<meta property=\"og:type\" content=\"article\" \/>\n<meta property=\"og:title\" content=\"Impressum | Ski Sharp Edge\" \/>\n<meta property=\"og:description\" content=\"Impressum Name des Unternehmens: Les \u00e9quipements Ski Sharp Edge Inc.Hauptsitz: 201 Rue Gince, Saint-Laurent, QC H4N 1R4, KanadaRegistrierungsnummer: 1174198144Ver\u00f6ffentlichungsdirektor: R\u00e9mi JodoinKontakt: rj@skisharpedge.comHosting-Provider: Hostinger, dessen Hauptsitz sich in der Lordou Vironos Stra\u00dfe 61, 6023 Larnaca (Zypern) befindet und der \u00fcber die hier aufgef\u00fchrten Kommunikationsmittel erreichbar ist: www.hostinger.de\/kontakt. Eigentum der Website Diese Website geh\u00f6rt Les \u00e9quipements Ski [&hellip;]\" \/>\n<meta property=\"og:url\" content=\"https:\/\/www.skisharpedge.com\/de\/impressum\/\" \/>\n<meta property=\"og:site_name\" content=\"Ski Sharp Edge\" \/>\n<meta property=\"article:modified_time\" content=\"2025-07-22T07:22:00+00:00\" \/>\n<meta name=\"twitter:card\" content=\"summary_large_image\" \/>\n<meta name=\"twitter:label1\" content=\"Gesch\u00e4tzte Lesezeit\" \/>\n\t<meta name=\"twitter:data1\" content=\"1\u00a0Minute\" \/>\n<script type=\"application\/ld+json\" class=\"yoast-schema-graph\">{\"@context\":\"https:\/\/schema.org\",\"@graph\":[{\"@type\":\"WebPage\",\"@id\":\"https:\/\/www.skisharpedge.com\/de\/impressum\/\",\"url\":\"https:\/\/www.skisharpedge.com\/de\/impressum\/\",\"name\":\"Impressum | Ski Sharp Edge\",\"isPartOf\":{\"@id\":\"https:\/\/www.skisharpedge.com\/fr\/#website\"},\"datePublished\":\"2024-09-11T08:06:47+00:00\",\"dateModified\":\"2025-07-22T07:22:00+00:00\",\"breadcrumb\":{\"@id\":\"https:\/\/www.skisharpedge.com\/de\/impressum\/#breadcrumb\"},\"inLanguage\":\"de\",\"potentialAction\":[{\"@type\":\"ReadAction\",\"target\":[\"https:\/\/www.skisharpedge.com\/de\/impressum\/\"]}]},{\"@type\":\"BreadcrumbList\",\"@id\":\"https:\/\/www.skisharpedge.com\/de\/impressum\/#breadcrumb\",\"itemListElement\":[{\"@type\":\"ListItem\",\"position\":1,\"name\":\"Home\",\"item\":\"https:\/\/www.skisharpedge.com\/de\/startseite\/\"},{\"@type\":\"ListItem\",\"position\":2,\"name\":\"Impressum\"}]},{\"@type\":\"WebSite\",\"@id\":\"https:\/\/www.skisharpedge.com\/fr\/#website\",\"url\":\"https:\/\/www.skisharpedge.com\/fr\/\",\"name\":\"Ski Sharp Edge\",\"description\":\"\",\"publisher\":{\"@id\":\"https:\/\/www.skisharpedge.com\/fr\/#organization\"},\"potentialAction\":[{\"@type\":\"SearchAction\",\"target\":{\"@type\":\"EntryPoint\",\"urlTemplate\":\"https:\/\/www.skisharpedge.com\/fr\/?s={search_term_string}\"},\"query-input\":{\"@type\":\"PropertyValueSpecification\",\"valueRequired\":true,\"valueName\":\"search_term_string\"}}],\"inLanguage\":\"de\"},{\"@type\":\"Organization\",\"@id\":\"https:\/\/www.skisharpedge.com\/fr\/#organization\",\"name\":\"Ski Sharp Edge\",\"url\":\"https:\/\/www.skisharpedge.com\/fr\/\",\"logo\":{\"@type\":\"ImageObject\",\"inLanguage\":\"de\",\"@id\":\"https:\/\/www.skisharpedge.com\/fr\/#\/schema\/logo\/image\/\",\"url\":\"https:\/\/www.skisharpedge.com\/wp-content\/uploads\/logo-ski-sharp-edge.svg\",\"contentUrl\":\"https:\/\/www.skisharpedge.com\/wp-content\/uploads\/logo-ski-sharp-edge.svg\",\"width\":163,\"height\":97,\"caption\":\"Ski Sharp Edge\"},\"image\":{\"@id\":\"https:\/\/www.skisharpedge.com\/fr\/#\/schema\/logo\/image\/\"}}]}<\/script>\n<!-- \/ Yoast SEO plugin. -->","yoast_head_json":{"title":"Impressum | Ski Sharp Edge","robots":{"index":"index","follow":"follow","max-snippet":"max-snippet:-1","max-image-preview":"max-image-preview:large","max-video-preview":"max-video-preview:-1"},"canonical":"https:\/\/www.skisharpedge.com\/de\/impressum\/","og_locale":"de_DE","og_type":"article","og_title":"Impressum | Ski Sharp Edge","og_description":"Impressum Name des Unternehmens: Les \u00e9quipements Ski Sharp Edge Inc.Hauptsitz: 201 Rue Gince, Saint-Laurent, QC H4N 1R4, KanadaRegistrierungsnummer: 1174198144Ver\u00f6ffentlichungsdirektor: R\u00e9mi JodoinKontakt: rj@skisharpedge.comHosting-Provider: Hostinger, dessen Hauptsitz sich in der Lordou Vironos Stra\u00dfe 61, 6023 Larnaca (Zypern) befindet und der \u00fcber die hier aufgef\u00fchrten Kommunikationsmittel erreichbar ist: www.hostinger.de\/kontakt. Eigentum der Website Diese Website geh\u00f6rt Les \u00e9quipements Ski [&hellip;]","og_url":"https:\/\/www.skisharpedge.com\/de\/impressum\/","og_site_name":"Ski Sharp Edge","article_modified_time":"2025-07-22T07:22:00+00:00","twitter_card":"summary_large_image","twitter_misc":{"Gesch\u00e4tzte Lesezeit":"1\u00a0Minute"},"schema":{"@context":"https:\/\/schema.org","@graph":[{"@type":"WebPage","@id":"https:\/\/www.skisharpedge.com\/de\/impressum\/","url":"https:\/\/www.skisharpedge.com\/de\/impressum\/","name":"Impressum | Ski Sharp Edge","isPartOf":{"@id":"https:\/\/www.skisharpedge.com\/fr\/#website"},"datePublished":"2024-09-11T08:06:47+00:00","dateModified":"2025-07-22T07:22:00+00:00","breadcrumb":{"@id":"https:\/\/www.skisharpedge.com\/de\/impressum\/#breadcrumb"},"inLanguage":"de","potentialAction":[{"@type":"ReadAction","target":["https:\/\/www.skisharpedge.com\/de\/impressum\/"]}]},{"@type":"BreadcrumbList","@id":"https:\/\/www.skisharpedge.com\/de\/impressum\/#breadcrumb","itemListElement":[{"@type":"ListItem","position":1,"name":"Home","item":"https:\/\/www.skisharpedge.com\/de\/startseite\/"},{"@type":"ListItem","position":2,"name":"Impressum"}]},{"@type":"WebSite","@id":"https:\/\/www.skisharpedge.com\/fr\/#website","url":"https:\/\/www.skisharpedge.com\/fr\/","name":"Ski Sharp Edge","description":"","publisher":{"@id":"https:\/\/www.skisharpedge.com\/fr\/#organization"},"potentialAction":[{"@type":"SearchAction","target":{"@type":"EntryPoint","urlTemplate":"https:\/\/www.skisharpedge.com\/fr\/?s={search_term_string}"},"query-input":{"@type":"PropertyValueSpecification","valueRequired":true,"valueName":"search_term_string"}}],"inLanguage":"de"},{"@type":"Organization","@id":"https:\/\/www.skisharpedge.com\/fr\/#organization","name":"Ski Sharp Edge","url":"https:\/\/www.skisharpedge.com\/fr\/","logo":{"@type":"ImageObject","inLanguage":"de","@id":"https:\/\/www.skisharpedge.com\/fr\/#\/schema\/logo\/image\/","url":"https:\/\/www.skisharpedge.com\/wp-content\/uploads\/logo-ski-sharp-edge.svg","contentUrl":"https:\/\/www.skisharpedge.com\/wp-content\/uploads\/logo-ski-sharp-edge.svg","width":163,"height":97,"caption":"Ski Sharp Edge"},"image":{"@id":"https:\/\/www.skisharpedge.com\/fr\/#\/schema\/logo\/image\/"}}]}},"_links":{"self":[{"href":"https:\/\/www.skisharpedge.com\/de\/wp-json\/wp\/v2\/pages\/1270","targetHints":{"allow":["GET"]}}],"collection":[{"href":"https:\/\/www.skisharpedge.com\/de\/wp-json\/wp\/v2\/pages"}],"about":[{"href":"https:\/\/www.skisharpedge.com\/de\/wp-json\/wp\/v2\/types\/page"}],"author":[{"embeddable":true,"href":"https:\/\/www.skisharpedge.com\/de\/wp-json\/wp\/v2\/users\/1"}],"replies":[{"embeddable":true,"href":"https:\/\/www.skisharpedge.com\/de\/wp-json\/wp\/v2\/comments?post=1270"}],"version-history":[{"count":2,"href":"https:\/\/www.skisharpedge.com\/de\/wp-json\/wp\/v2\/pages\/1270\/revisions"}],"predecessor-version":[{"id":1431,"href":"https:\/\/www.skisharpedge.com\/de\/wp-json\/wp\/v2\/pages\/1270\/revisions\/1431"}],"wp:attachment":[{"href":"https:\/\/www.skisharpedge.com\/de\/wp-json\/wp\/v2\/media?parent=1270"}],"curies":[{"name":"wp","href":"https:\/\/api.w.org\/{rel}","templated":true}]}}